{"id":507,"date":"2015-11-23T09:48:06","date_gmt":"2015-11-23T08:48:06","guid":{"rendered":"http:\/\/creena.educacion.navarra.es\/web\/?page_id=507"},"modified":"2024-10-21T12:38:21","modified_gmt":"2024-10-21T10:38:21","slug":"recursos-auditivos","status":"publish","type":"page","link":"https:\/\/creena.educacion.navarra.es\/web\/necesidades-educativas-especiales\/equipo-visuales\/recursos-auditivos\/","title":{"rendered":"Recursos"},"content":{"rendered":"<ul>\n<li>Bibliogr\u00e1ficos\n<ul>\n<li><a href=\"https:\/\/creena.educacion.navarra.es\/web\/necesidades-educativas-especiales\/equipo-visuales\/recursos-auditivos\/libros-visuales\/\">Libros<\/a><\/li>\n<li><a href=\"http:\/\/www.once.es\/new\/servicios-especializados-en-discapacidad-visual\/publicaciones-sobre-discapacidad-visual\/nueva-estructura-revista-integracion\" target=\"_blank\" rel=\"noopener noreferrer\">Revistas<\/a><a href=\"http:\/\/creena.educacion.navarra.es\/web\/wp-content\/uploads\/2015\/11\/portada_visuales.jpg\"><img loading=\"lazy\" class=\"alignright wp-image-294\" src=\"http:\/\/creena.educacion.navarra.es\/web\/wp-content\/uploads\/2015\/11\/portada_visuales.jpg\" alt=\"\" width=\"293\" height=\"170\" srcset=\"https:\/\/creena.educacion.navarra.es\/web\/wp-content\/uploads\/2015\/11\/portada_visuales.jpg 692w, https:\/\/creena.educacion.navarra.es\/web\/wp-content\/uploads\/2015\/11\/portada_visuales-300x173.jpg 300w\" sizes=\"(max-width: 293px) 100vw, 293px\" \/><\/a><\/li>\n<\/ul>\n<\/li>\n<li><a href=\"https:\/\/creena.educacion.navarra.es\/web\/necesidades-educativas-especiales\/equipo-visuales\/recursos-auditivos\/galeria-de-materiales\/\">Galer\u00eda de materiales<\/a>\n<ul>\n<li><a href=\"https:\/\/creena.educacion.navarra.es\/web\/necesidades-educativas-especiales\/equipo-visuales\/recursos-auditivos\/galeria-de-materiales\/material-de-adaptacion-al-puesto-de-estudio\/\">Material de adaptaci\u00f3n al puesto de estudio<\/a><\/li>\n<li><a href=\"https:\/\/creena.educacion.navarra.es\/web\/necesidades-educativas-especiales\/equipo-visuales\/recursos-auditivos\/galeria-de-materiales\/material-optico\/\">Material \u00f3ptico<\/a><\/li>\n<li><a href=\"https:\/\/creena.educacion.navarra.es\/web\/necesidades-educativas-especiales\/equipo-visuales\/recursos-auditivos\/galeria-de-materiales\/material-tecnologico\/\">Material tecnol\u00f3gico<\/a><\/li>\n<li><a href=\"https:\/\/creena.educacion.navarra.es\/web\/necesidades-educativas-especiales\/equipo-visuales\/recursos-auditivos\/galeria-de-materiales\/material-didacticov\/\">Material did\u00e1ctico<\/a><\/li>\n<\/ul>\n<\/li>\n<li><a href=\"https:\/\/creena.educacion.navarra.es\/web\/necesidades-educativas-especiales\/equipo-visuales\/recursos-auditivos\/enlaces-visuales\/\">Enlaces a materiales<\/a><\/li>\n<li>Recursos TIC\n<ul>\n<li><a href=\"https:\/\/creena.educacion.navarra.es\/web\/necesidades-educativas-especiales\/equipo-visuales\/recursos-auditivos\/ayudas-tecnicas-visuales\/\">Ayudas t\u00e9cnicas<\/a><\/li>\n<li><a href=\"https:\/\/creena.educacion.navarra.es\/web\/necesidades-educativas-especiales\/equipo-visuales\/recursos-auditivos\/software-visuales\/\">Software<\/a><\/li>\n<\/ul>\n<\/li>\n<\/ul>\n","protected":false},"excerpt":{"rendered":"<p>Bibliogr\u00e1ficos Libros Revistas Galer\u00eda de materiales Material de adaptaci\u00f3n al puesto de estudio Material \u00f3ptico Material tecnol\u00f3gico Material did\u00e1ctico Enlaces a materiales Recursos TIC Ayudas t\u00e9cnicas Software<\/p>\n","protected":false},"author":1,"featured_media":0,"parent":457,"menu_order":3,"comment_status":"closed","ping_status":"closed","template":"","meta":{"_genesis_hide_title":false,"_genesis_hide_breadcrumbs":false,"_genesis_hide_singular_image":false,"_genesis_hide_footer_widgets":false,"_genesis_custom_body_class":"","_genesis_custom_post_class":"","_genesis_layout":"content-sidebar"},"_links":{"self":[{"href":"https:\/\/creena.educacion.navarra.es\/web\/wp-json\/wp\/v2\/pages\/507"}],"collection":[{"href":"https:\/\/creena.educacion.navarra.es\/web\/wp-json\/wp\/v2\/pages"}],"about":[{"href":"https:\/\/creena.educacion.navarra.es\/web\/wp-json\/wp\/v2\/types\/page"}],"author":[{"embeddable":true,"href":"https:\/\/creena.educacion.navarra.es\/web\/wp-json\/wp\/v2\/users\/1"}],"replies":[{"embeddable":true,"href":"https:\/\/creena.educacion.navarra.es\/web\/wp-json\/wp\/v2\/comments?post=507"}],"version-history":[{"count":19,"href":"https:\/\/creena.educacion.navarra.es\/web\/wp-json\/wp\/v2\/pages\/507\/revisions"}],"predecessor-version":[{"id":18657,"href":"https:\/\/creena.educacion.navarra.es\/web\/wp-json\/wp\/v2\/pages\/507\/revisions\/18657"}],"up":[{"embeddable":true,"href":"https:\/\/creena.educacion.navarra.es\/web\/wp-json\/wp\/v2\/pages\/457"}],"wp:attachment":[{"href":"https:\/\/creena.educacion.navarra.es\/web\/wp-json\/wp\/v2\/media?parent=507"}],"curies":[{"name":"wp","href":"https:\/\/api.w.org\/{rel}","templated":true}]}}