{"id":600,"date":"2015-11-23T13:27:56","date_gmt":"2015-11-23T12:27:56","guid":{"rendered":"http:\/\/creena.educacion.navarra.es\/web\/?page_id=600"},"modified":"2017-05-16T10:36:35","modified_gmt":"2017-05-16T08:36:35","slug":"informacion-general-conducta","status":"publish","type":"page","link":"https:\/\/creena.educacion.navarra.es\/web\/necesidades-educativas-especiales\/equipo-conducta\/informacion-general-conducta\/","title":{"rendered":"Informaci\u00f3n"},"content":{"rendered":"<ul>\n<li style=\"text-align: left;\"><a href=\"https:\/\/creena.educacion.navarra.es\/web\/necesidades-educativas-especiales\/equipo-conducta\/informacion-general-conducta\/presenteacion-conducta\/\">Presentaci\u00f3n<\/a><img loading=\"lazy\" class=\"wp-image-601 alignright\" src=\"http:\/\/creena.educacion.navarra.es\/web\/wp-content\/uploads\/2015\/11\/portada_infor-300x202.jpg\" alt=\"portada_infor\" width=\"265\" height=\"179\" srcset=\"https:\/\/creena.educacion.navarra.es\/web\/wp-content\/uploads\/2015\/11\/portada_infor-300x202.jpg 300w, https:\/\/creena.educacion.navarra.es\/web\/wp-content\/uploads\/2015\/11\/portada_infor.jpg 580w\" sizes=\"(max-width: 265px) 100vw, 265px\" \/><\/li>\n<li style=\"text-align: left;\"><a href=\"https:\/\/creena.educacion.navarra.es\/web\/necesidades-educativas-especiales\/equipo-conducta\/informacion-general-conducta\/composicion-del-equipo-conducta\/\">Composici\u00f3n del equipo<\/a><\/li>\n<li style=\"text-align: left;\"><a href=\"https:\/\/creena.educacion.navarra.es\/web\/necesidades-educativas-especiales\/equipo-conducta\/informacion-general-conducta\/funciones-conducta\/\">Funciones<\/a><\/li>\n<li style=\"text-align: left;\"><a href=\"https:\/\/creena.educacion.navarra.es\/web\/necesidades-educativas-especiales\/equipo-conducta\/informacion-general-conducta\/criterios-de-intervencion-conducta\/\">Criterios de intervenci\u00f3n<\/a><\/li>\n<li style=\"text-align: left;\"><a href=\"https:\/\/creena.educacion.navarra.es\/web\/necesidades-educativas-especiales\/equipo-conducta\/informacion-general-conducta\/modelos-de-intervencion\/\">Modelos de intervenci\u00f3n<\/a><\/li>\n<\/ul>\n","protected":false},"excerpt":{"rendered":"<p>Presentaci\u00f3n Composici\u00f3n del equipo Funciones Criterios de intervenci\u00f3n Modelos de intervenci\u00f3n<\/p>\n","protected":false},"author":1,"featured_media":0,"parent":596,"menu_order":0,"comment_status":"closed","ping_status":"closed","template":"","meta":{"_genesis_hide_title":false,"_genesis_hide_breadcrumbs":false,"_genesis_hide_singular_image":false,"_genesis_hide_footer_widgets":false,"_genesis_custom_body_class":"","_genesis_custom_post_class":"","_genesis_layout":"content-sidebar"},"_links":{"self":[{"href":"https:\/\/creena.educacion.navarra.es\/web\/wp-json\/wp\/v2\/pages\/600"}],"collection":[{"href":"https:\/\/creena.educacion.navarra.es\/web\/wp-json\/wp\/v2\/pages"}],"about":[{"href":"https:\/\/creena.educacion.navarra.es\/web\/wp-json\/wp\/v2\/types\/page"}],"author":[{"embeddable":true,"href":"https:\/\/creena.educacion.navarra.es\/web\/wp-json\/wp\/v2\/users\/1"}],"replies":[{"embeddable":true,"href":"https:\/\/creena.educacion.navarra.es\/web\/wp-json\/wp\/v2\/comments?post=600"}],"version-history":[{"count":8,"href":"https:\/\/creena.educacion.navarra.es\/web\/wp-json\/wp\/v2\/pages\/600\/revisions"}],"predecessor-version":[{"id":9243,"href":"https:\/\/creena.educacion.navarra.es\/web\/wp-json\/wp\/v2\/pages\/600\/revisions\/9243"}],"up":[{"embeddable":true,"href":"https:\/\/creena.educacion.navarra.es\/web\/wp-json\/wp\/v2\/pages\/596"}],"wp:attachment":[{"href":"https:\/\/creena.educacion.navarra.es\/web\/wp-json\/wp\/v2\/media?parent=600"}],"curies":[{"name":"wp","href":"https:\/\/api.w.org\/{rel}","templated":true}]}}