{"id":605,"date":"2015-11-23T14:21:37","date_gmt":"2015-11-23T13:21:37","guid":{"rendered":"http:\/\/creena.educacion.navarra.es\/web\/?page_id=605"},"modified":"2017-05-16T11:07:18","modified_gmt":"2017-05-16T09:07:18","slug":"conducta","status":"publish","type":"page","link":"https:\/\/creena.educacion.navarra.es\/web\/necesidades-educativas-especiales\/equipo-conducta\/conducta\/","title":{"rendered":"CONDUCTA"},"content":{"rendered":"<ul>\n<li style=\"text-align: left;\"><a href=\"https:\/\/creena.educacion.navarra.es\/web\/necesidades-educativas-especiales\/equipo-conducta\/conducta\/intervencion-conducta\/\">Intervenci\u00f3n<\/a><img loading=\"lazy\" class=\"wp-image-606 alignright\" src=\"http:\/\/creena.educacion.navarra.es\/web\/wp-content\/uploads\/2015\/11\/portada_conducta-300x196.png\" alt=\"portada_conducta\" width=\"252\" height=\"165\" srcset=\"https:\/\/creena.educacion.navarra.es\/web\/wp-content\/uploads\/2015\/11\/portada_conducta-300x196.png 300w, https:\/\/creena.educacion.navarra.es\/web\/wp-content\/uploads\/2015\/11\/portada_conducta.png 594w\" sizes=\"(max-width: 252px) 100vw, 252px\" \/><\/li>\n<li style=\"text-align: left;\"><a href=\"https:\/\/creena.educacion.navarra.es\/web\/necesidades-educativas-especiales\/equipo-conducta\/conducta\/evaluacion-conducta\/\">Evaluaci\u00f3n<\/a><\/li>\n<li style=\"text-align: left;\"><a href=\"https:\/\/creena.educacion.navarra.es\/web\/necesidades-educativas-especiales\/equipo-conducta\/conducta\/transtornos-del-comportamiento\/\">Trastornos del comportamiento<\/a><\/li>\n<li style=\"text-align: left;\"><a href=\"https:\/\/creena.educacion.navarra.es\/web\/eu\/balorazio-eta-aholkularitza-arloa\/jokabide-taldea\/jokaera-c\/trastorno-por-deficit-de-atencion-e-hiperactividad-tda-h\/\">Trastorno por D\u00e9ficit de Atenci\u00f3n e Hiperactividad. TDAH<\/a><\/li>\n<\/ul>\n","protected":false},"excerpt":{"rendered":"<p>Intervenci\u00f3n Evaluaci\u00f3n Trastornos del comportamiento Trastorno por D\u00e9ficit de Atenci\u00f3n e Hiperactividad. TDAH<\/p>\n","protected":false},"author":1,"featured_media":0,"parent":596,"menu_order":2,"comment_status":"closed","ping_status":"closed","template":"","meta":{"_genesis_hide_title":false,"_genesis_hide_breadcrumbs":false,"_genesis_hide_singular_image":false,"_genesis_hide_footer_widgets":false,"_genesis_custom_body_class":"","_genesis_custom_post_class":"","_genesis_layout":"content-sidebar"},"_links":{"self":[{"href":"https:\/\/creena.educacion.navarra.es\/web\/wp-json\/wp\/v2\/pages\/605"}],"collection":[{"href":"https:\/\/creena.educacion.navarra.es\/web\/wp-json\/wp\/v2\/pages"}],"about":[{"href":"https:\/\/creena.educacion.navarra.es\/web\/wp-json\/wp\/v2\/types\/page"}],"author":[{"embeddable":true,"href":"https:\/\/creena.educacion.navarra.es\/web\/wp-json\/wp\/v2\/users\/1"}],"replies":[{"embeddable":true,"href":"https:\/\/creena.educacion.navarra.es\/web\/wp-json\/wp\/v2\/comments?post=605"}],"version-history":[{"count":6,"href":"https:\/\/creena.educacion.navarra.es\/web\/wp-json\/wp\/v2\/pages\/605\/revisions"}],"predecessor-version":[{"id":9267,"href":"https:\/\/creena.educacion.navarra.es\/web\/wp-json\/wp\/v2\/pages\/605\/revisions\/9267"}],"up":[{"embeddable":true,"href":"https:\/\/creena.educacion.navarra.es\/web\/wp-json\/wp\/v2\/pages\/596"}],"wp:attachment":[{"href":"https:\/\/creena.educacion.navarra.es\/web\/wp-json\/wp\/v2\/media?parent=605"}],"curies":[{"name":"wp","href":"https:\/\/api.w.org\/{rel}","templated":true}]}}