{"id":63,"date":"2015-11-06T09:08:54","date_gmt":"2015-11-06T08:08:54","guid":{"rendered":"http:\/\/creena.educacion.navarra.es\/web\/?page_id=63"},"modified":"2018-10-18T08:26:52","modified_gmt":"2018-10-18T06:26:52","slug":"informacion-general-tudela","status":"publish","type":"page","link":"https:\/\/creena.educacion.navarra.es\/web\/creena-tudela\/informacion-general-tudela\/","title":{"rendered":"Informaci\u00f3n General"},"content":{"rendered":"<p><a href=\"http:\/\/creena.educacion.navarra.es\/web\/wp-content\/uploads\/2015\/11\/navarra.png\"><img loading=\"lazy\" class=\"alignright size-medium wp-image-7702\" src=\"http:\/\/creena.educacion.navarra.es\/web\/wp-content\/uploads\/2015\/11\/navarra-294x300.png\" alt=\"\" width=\"294\" height=\"300\" srcset=\"https:\/\/creena.educacion.navarra.es\/web\/wp-content\/uploads\/2015\/11\/navarra-294x300.png 294w, https:\/\/creena.educacion.navarra.es\/web\/wp-content\/uploads\/2015\/11\/navarra.png 514w\" sizes=\"(max-width: 294px) 100vw, 294px\" \/><\/a><\/p>\n<p><strong>\u00c1mbito geogr\u00e1fico de atenci\u00f3n<\/strong><\/p>\n<p>El \u00e1mbito de actuaci\u00f3n del Equipo es el de la adscripci\u00f3n geogr\u00e1fica que se corresponde con la Orientaci\u00f3n de la Zona de Tudela.<\/p>\n<p><strong>Composici\u00f3n del CREENA Tudela.<\/strong><\/p>\n<p>La extensi\u00f3n del CREENA en Tudela est\u00e1 formada por profesionales con los siguientes perfiles:<\/p>\n<ul>\n<li>Especialista en Orientaci\u00f3n Educativa para las \u00e1reas de atenci\u00f3n a NNEE especiales y NNEE espec\u00edficas (derivadas de conducta y trastornos por d\u00e9ficit de atenci\u00f3n e hiperactividad).<\/li>\n<li>Especialista en Orientaci\u00f3n Educativa para\u00a0NNEE en Atenci\u00f3n Temprana y el \u00e1rea de gesti\u00f3n, informaci\u00f3n y medios (Servicios a la Comunidad)<\/li>\n<\/ul>\n","protected":false},"excerpt":{"rendered":"<p>\u00c1mbito geogr\u00e1fico de atenci\u00f3n El \u00e1mbito de actuaci\u00f3n del Equipo es el de la adscripci\u00f3n geogr\u00e1fica que se corresponde con la Orientaci\u00f3n de la Zona de Tudela. Composici\u00f3n del CREENA Tudela. La extensi\u00f3n del CREENA en Tudela est\u00e1 formada por profesionales con los siguientes perfiles: Especialista en Orientaci\u00f3n Educativa para las \u00e1reas de atenci\u00f3n a [&hellip;]<\/p>\n","protected":false},"author":1,"featured_media":0,"parent":31,"menu_order":2,"comment_status":"closed","ping_status":"closed","template":"","meta":{"_genesis_hide_title":false,"_genesis_hide_breadcrumbs":false,"_genesis_hide_singular_image":false,"_genesis_hide_footer_widgets":false,"_genesis_custom_body_class":"","_genesis_custom_post_class":"","_genesis_layout":""},"_links":{"self":[{"href":"https:\/\/creena.educacion.navarra.es\/web\/wp-json\/wp\/v2\/pages\/63"}],"collection":[{"href":"https:\/\/creena.educacion.navarra.es\/web\/wp-json\/wp\/v2\/pages"}],"about":[{"href":"https:\/\/creena.educacion.navarra.es\/web\/wp-json\/wp\/v2\/types\/page"}],"author":[{"embeddable":true,"href":"https:\/\/creena.educacion.navarra.es\/web\/wp-json\/wp\/v2\/users\/1"}],"replies":[{"embeddable":true,"href":"https:\/\/creena.educacion.navarra.es\/web\/wp-json\/wp\/v2\/comments?post=63"}],"version-history":[{"count":11,"href":"https:\/\/creena.educacion.navarra.es\/web\/wp-json\/wp\/v2\/pages\/63\/revisions"}],"predecessor-version":[{"id":12786,"href":"https:\/\/creena.educacion.navarra.es\/web\/wp-json\/wp\/v2\/pages\/63\/revisions\/12786"}],"up":[{"embeddable":true,"href":"https:\/\/creena.educacion.navarra.es\/web\/wp-json\/wp\/v2\/pages\/31"}],"wp:attachment":[{"href":"https:\/\/creena.educacion.navarra.es\/web\/wp-json\/wp\/v2\/media?parent=63"}],"curies":[{"name":"wp","href":"https:\/\/api.w.org\/{rel}","templated":true}]}}