{"id":638,"date":"2015-11-24T10:08:33","date_gmt":"2015-11-24T09:08:33","guid":{"rendered":"http:\/\/creena.educacion.navarra.es\/web\/?page_id=638"},"modified":"2018-02-19T10:37:36","modified_gmt":"2018-02-19T09:37:36","slug":"altas-capacidades","status":"publish","type":"page","link":"https:\/\/creena.educacion.navarra.es\/web\/necesidades-educativas-especificas\/equipo-altas-capacidades\/altas-capacidades\/","title":{"rendered":"ALTAS CAPACIDADES"},"content":{"rendered":"<ul>\n<li><a href=\"https:\/\/creena.educacion.navarra.es\/web\/necesidades-educativas-especificas\/equipo-altas-capacidades\/altas-capacidades\/modelos-explicativos\/\">Modelos explicativos<\/a>\n<ul>\n<li style=\"text-align: left;\"><a href=\"https:\/\/creena.educacion.navarra.es\/web\/necesidades-educativas-especificas\/equipo-altas-capacidades\/altas-capacidades\/modelos-explicativos\/rendimiento-altas-capacidades\/\">Modelos basados en el\u00a0Rendimiento<\/a><\/li>\n<li style=\"text-align: left;\"><a href=\"https:\/\/creena.educacion.navarra.es\/web\/necesidades-educativas-especificas\/equipo-altas-capacidades\/altas-capacidades\/modelos-explicativos\/capacidades-altas-capacidades\/\">Enfoque cl\u00e1sico: modelos centrados en Capacidades<\/a><\/li>\n<li style=\"text-align: left;\"><a href=\"https:\/\/creena.educacion.navarra.es\/web\/necesidades-educativas-especificas\/equipo-altas-capacidades\/altas-capacidades\/modelos-explicativos\/modelos-cognitivos-altas-capacidades\/\">Modelos Cognitivos<\/a><\/li>\n<li style=\"text-align: left;\"><a href=\"https:\/\/creena.educacion.navarra.es\/web\/necesidades-educativas-especificas\/equipo-altas-capacidades\/altas-capacidades\/modelos-explicativos\/modelo-sociocultural-altas-capacidades\/\">Modelos socioculturales<\/a><\/li>\n<\/ul>\n<\/li>\n<li><a href=\"https:\/\/creena.educacion.navarra.es\/web\/necesidades-educativas-especificas\/equipo-altas-capacidades\/altas-capacidades\/como-es-como-aprende-el-alumnado\/\">C\u00f3mo es y c\u00f3mo aprende el alumnado<\/a>\n<ul>\n<li><a href=\"https:\/\/creena.educacion.navarra.es\/web\/necesidades-educativas-especificas\/equipo-altas-capacidades\/altas-capacidades\/como-es-como-aprende-el-alumnado\/caracteristicas-altas-capacidades\/\">Caracter\u00edsticas<\/a><\/li>\n<li><a href=\"https:\/\/creena.educacion.navarra.es\/web\/necesidades-educativas-especificas\/equipo-altas-capacidades\/altas-capacidades\/como-es-como-aprende-el-alumnado\/disincronia-altas-capacidades\/\">Disincron\u00eda<\/a><\/li>\n<li><a href=\"https:\/\/creena.educacion.navarra.es\/web\/necesidades-educativas-especificas\/equipo-altas-capacidades\/altas-capacidades\/como-es-como-aprende-el-alumnado\/aspectos-concominantes\/\">Aspectos concomitantes<\/a><\/li>\n<li>Implicaciones curriculares<\/li>\n<\/ul>\n<\/li>\n<li><a href=\"https:\/\/creena.educacion.navarra.es\/web\/necesidades-educativas-especificas\/equipo-altas-capacidades\/altas-capacidades\/mitos-y-esterotipos\/\">Mitos y esterotipos<\/a><\/li>\n<li><a href=\"https:\/\/creena.educacion.navarra.es\/web\/necesidades-educativas-especificas\/equipo-altas-capacidades\/altas-capacidades\/decalogo-para-familias\/\">Dec\u00e1logo para familias<\/a><\/li>\n<\/ul>\n","protected":false},"excerpt":{"rendered":"<p>Modelos explicativos Modelos basados en el\u00a0Rendimiento Enfoque cl\u00e1sico: modelos centrados en Capacidades Modelos Cognitivos Modelos socioculturales C\u00f3mo es y c\u00f3mo aprende el alumnado Caracter\u00edsticas Disincron\u00eda Aspectos concomitantes Implicaciones curriculares Mitos y esterotipos Dec\u00e1logo para familias<\/p>\n","protected":false},"author":1,"featured_media":0,"parent":627,"menu_order":0,"comment_status":"closed","ping_status":"closed","template":"","meta":{"_genesis_hide_title":false,"_genesis_hide_breadcrumbs":false,"_genesis_hide_singular_image":false,"_genesis_hide_footer_widgets":false,"_genesis_custom_body_class":"","_genesis_custom_post_class":"","_genesis_layout":"content-sidebar"},"_links":{"self":[{"href":"https:\/\/creena.educacion.navarra.es\/web\/wp-json\/wp\/v2\/pages\/638"}],"collection":[{"href":"https:\/\/creena.educacion.navarra.es\/web\/wp-json\/wp\/v2\/pages"}],"about":[{"href":"https:\/\/creena.educacion.navarra.es\/web\/wp-json\/wp\/v2\/types\/page"}],"author":[{"embeddable":true,"href":"https:\/\/creena.educacion.navarra.es\/web\/wp-json\/wp\/v2\/users\/1"}],"replies":[{"embeddable":true,"href":"https:\/\/creena.educacion.navarra.es\/web\/wp-json\/wp\/v2\/comments?post=638"}],"version-history":[{"count":14,"href":"https:\/\/creena.educacion.navarra.es\/web\/wp-json\/wp\/v2\/pages\/638\/revisions"}],"predecessor-version":[{"id":11525,"href":"https:\/\/creena.educacion.navarra.es\/web\/wp-json\/wp\/v2\/pages\/638\/revisions\/11525"}],"up":[{"embeddable":true,"href":"https:\/\/creena.educacion.navarra.es\/web\/wp-json\/wp\/v2\/pages\/627"}],"wp:attachment":[{"href":"https:\/\/creena.educacion.navarra.es\/web\/wp-json\/wp\/v2\/media?parent=638"}],"curies":[{"name":"wp","href":"https:\/\/api.w.org\/{rel}","templated":true}]}}