{"id":6821,"date":"2016-09-26T09:21:20","date_gmt":"2016-09-26T07:21:20","guid":{"rendered":"http:\/\/creena.educacion.navarra.es\/web\/?page_id=6821"},"modified":"2024-10-21T12:20:15","modified_gmt":"2024-10-21T10:20:15","slug":"criterios-de-intervencion-v","status":"publish","type":"page","link":"https:\/\/creena.educacion.navarra.es\/web\/necesidades-educativas-especiales\/equipo-visuales\/informacion-general-2\/criterios-de-intervencion-v\/","title":{"rendered":"Criterios de intervenci\u00f3n"},"content":{"rendered":"<p>El Equipo de Visuales est\u00e1 formado por profesionales del CREENA y de la&nbsp;ONCE y ofrece asesoramiento a los centros educativos que tienen escolarizado&nbsp;alumnado con ceguera o con discapacidad visual as\u00ed como a sus familias.<\/p>\n<p>Las intervenciones del CREENA suponen una ayuda a los recursos&nbsp;ordinarios y sectoriales de los centros sin sustituir a los mismos. Se act\u00faa con&nbsp;car\u00e1cter complementario y subsidiario en la atenci\u00f3n de las demandas planteadas&nbsp;por el orientador\/a desde la UAE y Departamentos de Orientaci\u00f3n de los centros<br \/>\neducativos.<\/p>\n<p>Se atender\u00e1n los centros ordinarios de Educaci\u00f3n Infantil, Primaria,&nbsp;Secundaria Obligatoria y Post-obligatoria y los centros espec\u00edficos, tanto p\u00fablicos&nbsp;como concertados<\/p>\n<p>El equipo de visuales atiende al alumnado con ceguera o con discapacidad&nbsp;visual que presenta una agudeza visual igual o menor a 0,3, y con un campo&nbsp;visual menor de 10\u00ba.<\/p>\n<ul>\n<li>Discapacidad visual <strong>moderada<\/strong><br \/>\nAlumnos con una agudeza visual de lejos comprendida entre 0,30 y 0,12.<\/li>\n<li>Discapacidad visual <strong>grave<\/strong><br \/>\nAlumnos con una agudeza visual de lejos comprendida entre 0,11 y 0,06.<\/li>\n<li>Discapacidad visual <strong>profunda<\/strong><br \/>\nAlumnos con una agudeza visual de lejos comprendida entre 0,06 y 0,02.<\/li>\n<li><strong>Ceguera<\/strong><br \/>\nAlumnos que presentan una ausencia total de visi\u00f3n.<\/li>\n<\/ul>\n","protected":false},"excerpt":{"rendered":"<p>El Equipo de Visuales est\u00e1 formado por profesionales del CREENA y de la&nbsp;ONCE y ofrece asesoramiento a los centros educativos que tienen escolarizado&nbsp;alumnado con ceguera o con discapacidad visual as\u00ed como a sus familias. Las intervenciones del CREENA suponen una ayuda a los recursos&nbsp;ordinarios y sectoriales de los centros sin sustituir a los mismos. Se [&hellip;]<\/p>\n","protected":false},"author":1,"featured_media":0,"parent":293,"menu_order":5,"comment_status":"closed","ping_status":"closed","template":"","meta":{"_genesis_hide_title":false,"_genesis_hide_breadcrumbs":false,"_genesis_hide_singular_image":false,"_genesis_hide_footer_widgets":false,"_genesis_custom_body_class":"","_genesis_custom_post_class":"","_genesis_layout":""},"_links":{"self":[{"href":"https:\/\/creena.educacion.navarra.es\/web\/wp-json\/wp\/v2\/pages\/6821"}],"collection":[{"href":"https:\/\/creena.educacion.navarra.es\/web\/wp-json\/wp\/v2\/pages"}],"about":[{"href":"https:\/\/creena.educacion.navarra.es\/web\/wp-json\/wp\/v2\/types\/page"}],"author":[{"embeddable":true,"href":"https:\/\/creena.educacion.navarra.es\/web\/wp-json\/wp\/v2\/users\/1"}],"replies":[{"embeddable":true,"href":"https:\/\/creena.educacion.navarra.es\/web\/wp-json\/wp\/v2\/comments?post=6821"}],"version-history":[{"count":4,"href":"https:\/\/creena.educacion.navarra.es\/web\/wp-json\/wp\/v2\/pages\/6821\/revisions"}],"predecessor-version":[{"id":18653,"href":"https:\/\/creena.educacion.navarra.es\/web\/wp-json\/wp\/v2\/pages\/6821\/revisions\/18653"}],"up":[{"embeddable":true,"href":"https:\/\/creena.educacion.navarra.es\/web\/wp-json\/wp\/v2\/pages\/293"}],"wp:attachment":[{"href":"https:\/\/creena.educacion.navarra.es\/web\/wp-json\/wp\/v2\/media?parent=6821"}],"curies":[{"name":"wp","href":"https:\/\/api.w.org\/{rel}","templated":true}]}}