{"id":684,"date":"2015-11-25T14:28:39","date_gmt":"2015-11-25T13:28:39","guid":{"rendered":"http:\/\/creena.educacion.navarra.es\/web\/?page_id=684"},"modified":"2025-09-23T11:06:19","modified_gmt":"2025-09-23T09:06:19","slug":"bibliografia-atencion-temprana","status":"publish","type":"page","link":"https:\/\/creena.educacion.navarra.es\/web\/necesidades-educativas-especificas\/atencion-temprana\/recursos-atencion-temprana\/bibliografia-atencion-temprana\/","title":{"rendered":"Bibliograf\u00eda"},"content":{"rendered":"<p><a href=\"http:\/\/creena.educacion.navarra.es\/web\/wp-content\/uploads\/2015\/11\/ninos.jpg\"><img loading=\"lazy\" class=\"alignleft wp-image-685\" src=\"http:\/\/creena.educacion.navarra.es\/web\/wp-content\/uploads\/2015\/11\/ninos-204x300.jpg\" alt=\"\" width=\"133\" height=\"195\" srcset=\"https:\/\/creena.educacion.navarra.es\/web\/wp-content\/uploads\/2015\/11\/ninos-204x300.jpg 204w, https:\/\/creena.educacion.navarra.es\/web\/wp-content\/uploads\/2015\/11\/ninos.jpg 400w\" sizes=\"(max-width: 133px) 100vw, 133px\" \/><\/a><strong>Los ni\u00f1os peque\u00f1os con autismo<\/strong><\/p>\n<p style=\"text-align: left; padding-left: 30px;\" align=\"justify\">Este libro ofrece a las familias una gu\u00eda sencilla para orientarles y ayudarles a mejorar aspectos principalmente relacionados con la autonom\u00eda de sus hijos. Partiendo de sus preocupaciones, de sus dudas e inquietudes a la hora de enfrentarse a situaciones cotidianas, se han incluido en el libro programas espec\u00edficos para abordar las dificultades con el sue\u00f1o, los problemas de alimentaci\u00f3n y los miedos o fobias que muchos de estos ni\u00f1os presentan. Tambi\u00e9n se exponen estrategias \u00fatiles centradas en la ense\u00f1anza del control de esf\u00ednteres e ideas espec\u00edficas para estimular las capacidades de juego.<\/p>\n<hr>\n<p><a href=\"http:\/\/creena.educacion.navarra.es\/web\/wp-content\/uploads\/2015\/11\/manual.jpg\"><img loading=\"lazy\" class=\"alignleft wp-image-703\" src=\"http:\/\/creena.educacion.navarra.es\/web\/wp-content\/uploads\/2015\/11\/manual.jpg\" alt=\"\" width=\"133\" height=\"168\"><\/a><\/p>\n<p style=\"text-align: left; padding-left: 30px;\" align=\"justify\"><strong>Manual de atenci\u00f3n temprana<\/strong><\/p>\n<p style=\"text-align: left; padding-left: 30px;\" align=\"justify\">Este Manual de atenci\u00f3n temprana es un texto interdisciplinar que recoge las corrientes conceptuales actuales en las que se basan los procesos de desarrollo, as\u00ed como la prevenci\u00f3n, la evaluaci\u00f3n y la intervenci\u00f3n en distintos trastornos y contextos del desarrollo.<\/p>\n<hr>\n<p><a href=\"http:\/\/creena.educacion.navarra.es\/web\/wp-content\/uploads\/2015\/11\/cer0atr3s.jpg\"><img loading=\"lazy\" class=\"alignleft wp-image-699\" src=\"http:\/\/creena.educacion.navarra.es\/web\/wp-content\/uploads\/2015\/11\/cer0atr3s-203x300.jpg\" alt=\"\" width=\"137\" height=\"202\" srcset=\"https:\/\/creena.educacion.navarra.es\/web\/wp-content\/uploads\/2015\/11\/cer0atr3s-203x300.jpg 203w, https:\/\/creena.educacion.navarra.es\/web\/wp-content\/uploads\/2015\/11\/cer0atr3s.jpg 256w\" sizes=\"(max-width: 137px) 100vw, 137px\" \/><\/a><\/p>\n<p style=\"text-align: left; padding-left: 30px;\" align=\"justify\"><strong>Cer0atr3s<\/strong><\/p>\n<p style=\"text-align: left; padding-left: 30px;\" align=\"justify\">En este libro analiza las fases m\u00e1s importantes de la maduraci\u00f3n neuro-senso-psicomotriz y el sentido que tienen los aprendizajes m\u00e1s importantes que realiza el beb\u00e9. Introduce un concepto que est\u00e1 impl\u00edcito en todos los tratados de psicomotricidad, pero que muy pocas veces se analiza de forma expl\u00edcita: detr\u00e1s de cualquier conducta motriz, perceptiva, adaptativa o de comunicaci\u00f3n, hay un cerebro que hemos de construir y aprender a utilizar.<\/p>\n<hr>\n<p><a href=\"http:\/\/creena.educacion.navarra.es\/web\/wp-content\/uploads\/2015\/11\/paso.jpg\"><img loading=\"lazy\" class=\"alignleft wp-image-687\" src=\"http:\/\/creena.educacion.navarra.es\/web\/wp-content\/uploads\/2015\/11\/paso-210x300.jpg\" alt=\"\" width=\"138\" height=\"197\" srcset=\"https:\/\/creena.educacion.navarra.es\/web\/wp-content\/uploads\/2015\/11\/paso-210x300.jpg 210w, https:\/\/creena.educacion.navarra.es\/web\/wp-content\/uploads\/2015\/11\/paso.jpg 288w\" sizes=\"(max-width: 138px) 100vw, 138px\" \/><\/a><\/p>\n<p style=\"text-align: left; padding-left: 30px;\" align=\"justify\"><strong>PASO A PASO. Juegos y actividades para ayudar a tu beb\u00e9 con necesidades especiales.<\/strong><\/p>\n<p style=\"text-align: left; padding-left: 30px;\" align=\"justify\">Este libro proporciona a familiares y cuidadores la informaci\u00f3n necesaria y una infinidad de ideas para estimular el desarrollo de su hijo. Los juegos y actividades sugeridos se pueden realizar con juguetes y materiales que la mayor\u00eda de los ni\u00f1os ya tienen y no requieren ninguna preparaci\u00f3n especial.<\/p>\n<hr>\n","protected":false},"excerpt":{"rendered":"<p>Los ni\u00f1os peque\u00f1os con autismo Este libro ofrece a las familias una gu\u00eda sencilla para orientarles y ayudarles a mejorar aspectos principalmente relacionados con la autonom\u00eda de sus hijos. Partiendo de sus preocupaciones, de sus dudas e inquietudes a la hora de enfrentarse a situaciones cotidianas, se han incluido en el libro programas espec\u00edficos para [&hellip;]<\/p>\n","protected":false},"author":1,"featured_media":0,"parent":682,"menu_order":1,"comment_status":"closed","ping_status":"closed","template":"","meta":{"_genesis_hide_title":false,"_genesis_hide_breadcrumbs":false,"_genesis_hide_singular_image":false,"_genesis_hide_footer_widgets":false,"_genesis_custom_body_class":"","_genesis_custom_post_class":"","_genesis_layout":"content-sidebar"},"_links":{"self":[{"href":"https:\/\/creena.educacion.navarra.es\/web\/wp-json\/wp\/v2\/pages\/684"}],"collection":[{"href":"https:\/\/creena.educacion.navarra.es\/web\/wp-json\/wp\/v2\/pages"}],"about":[{"href":"https:\/\/creena.educacion.navarra.es\/web\/wp-json\/wp\/v2\/types\/page"}],"author":[{"embeddable":true,"href":"https:\/\/creena.educacion.navarra.es\/web\/wp-json\/wp\/v2\/users\/1"}],"replies":[{"embeddable":true,"href":"https:\/\/creena.educacion.navarra.es\/web\/wp-json\/wp\/v2\/comments?post=684"}],"version-history":[{"count":15,"href":"https:\/\/creena.educacion.navarra.es\/web\/wp-json\/wp\/v2\/pages\/684\/revisions"}],"predecessor-version":[{"id":19290,"href":"https:\/\/creena.educacion.navarra.es\/web\/wp-json\/wp\/v2\/pages\/684\/revisions\/19290"}],"up":[{"embeddable":true,"href":"https:\/\/creena.educacion.navarra.es\/web\/wp-json\/wp\/v2\/pages\/682"}],"wp:attachment":[{"href":"https:\/\/creena.educacion.navarra.es\/web\/wp-json\/wp\/v2\/media?parent=684"}],"curies":[{"name":"wp","href":"https:\/\/api.w.org\/{rel}","templated":true}]}}