{"id":713,"date":"2015-11-26T09:17:19","date_gmt":"2015-11-26T08:17:19","guid":{"rendered":"http:\/\/creena.educacion.navarra.es\/web\/?page_id=713"},"modified":"2017-05-16T13:25:35","modified_gmt":"2017-05-16T11:25:35","slug":"videos-atencion-temprana","status":"publish","type":"page","link":"https:\/\/creena.educacion.navarra.es\/web\/necesidades-educativas-especificas\/atencion-temprana\/recursos-atencion-temprana\/videos-atencion-temprana\/","title":{"rendered":"V\u00eddeos"},"content":{"rendered":"<h4><span style=\"color: #800000;\">La estimulaci\u00f3n temprana o atenci\u00f3n temprana infantil para ni\u00f1os<\/span><\/h4>\n<iframe width=\"500\" height=\"375\" src=\"https:\/\/www.youtube.com\/embed\/Pb4-6ZlGyv4?feature=oembed\" frameborder=\"0\" allowfullscreen><\/iframe>\n<p>&nbsp;<\/p>\n<h4><span style=\"color: #800000;\">Material de estimulaci\u00f3n temprana de lona<\/span><\/h4>\n<iframe width=\"500\" height=\"375\" src=\"https:\/\/www.youtube.com\/embed\/EUadHap4__U?feature=oembed\" frameborder=\"0\" allowfullscreen><\/iframe>\n<p>&nbsp;<\/p>\n<h4><span style=\"color: #800000;\">Estimulaci\u00f3n motriz infantil<\/span><\/h4>\n<iframe width=\"500\" height=\"281\" src=\"https:\/\/www.youtube.com\/embed\/videoseries?list=RDDtJNrYcsI8k\" frameborder=\"0\" allowfullscreen><\/iframe>\n","protected":false},"excerpt":{"rendered":"<p>La estimulaci\u00f3n temprana o atenci\u00f3n temprana infantil para ni\u00f1os &nbsp; Material de estimulaci\u00f3n temprana de lona &nbsp; Estimulaci\u00f3n motriz infantil<\/p>\n","protected":false},"author":1,"featured_media":0,"parent":682,"menu_order":4,"comment_status":"closed","ping_status":"closed","template":"","meta":{"_genesis_hide_title":false,"_genesis_hide_breadcrumbs":false,"_genesis_hide_singular_image":false,"_genesis_hide_footer_widgets":false,"_genesis_custom_body_class":"","_genesis_custom_post_class":"","_genesis_layout":"content-sidebar"},"_links":{"self":[{"href":"https:\/\/creena.educacion.navarra.es\/web\/wp-json\/wp\/v2\/pages\/713"}],"collection":[{"href":"https:\/\/creena.educacion.navarra.es\/web\/wp-json\/wp\/v2\/pages"}],"about":[{"href":"https:\/\/creena.educacion.navarra.es\/web\/wp-json\/wp\/v2\/types\/page"}],"author":[{"embeddable":true,"href":"https:\/\/creena.educacion.navarra.es\/web\/wp-json\/wp\/v2\/users\/1"}],"replies":[{"embeddable":true,"href":"https:\/\/creena.educacion.navarra.es\/web\/wp-json\/wp\/v2\/comments?post=713"}],"version-history":[{"count":8,"href":"https:\/\/creena.educacion.navarra.es\/web\/wp-json\/wp\/v2\/pages\/713\/revisions"}],"predecessor-version":[{"id":9367,"href":"https:\/\/creena.educacion.navarra.es\/web\/wp-json\/wp\/v2\/pages\/713\/revisions\/9367"}],"up":[{"embeddable":true,"href":"https:\/\/creena.educacion.navarra.es\/web\/wp-json\/wp\/v2\/pages\/682"}],"wp:attachment":[{"href":"https:\/\/creena.educacion.navarra.es\/web\/wp-json\/wp\/v2\/media?parent=713"}],"curies":[{"name":"wp","href":"https:\/\/api.w.org\/{rel}","templated":true}]}}