{"id":747,"date":"2015-11-26T11:11:05","date_gmt":"2015-11-26T10:11:40","guid":{"rendered":"http:\/\/creena.educacion.navarra.es\/web\/?page_id=747"},"modified":"2025-11-26T09:16:10","modified_gmt":"2025-11-26T08:16:10","slug":"informaciongeneralh","status":"publish","type":"page","link":"https:\/\/creena.educacion.navarra.es\/web\/necesidades-educativas-especificas\/informaciongeneralh\/","title":{"rendered":"Informaci\u00f3n"},"content":{"rendered":"<p><a href=\"http:\/\/creena.educacion.navarra.es\/web\/wp-content\/uploads\/2015\/11\/PUZLE-1.png\"><img loading=\"lazy\" class=\"alignright wp-image-9554 size-medium\" src=\"https:\/\/creena.educacion.navarra.es\/web\/wp-content\/uploads\/2015\/11\/PUZLE-1-300x119.png\" alt=\"\" width=\"300\" height=\"119\" srcset=\"https:\/\/creena.educacion.navarra.es\/web\/wp-content\/uploads\/2015\/11\/PUZLE-1-300x119.png 300w, https:\/\/creena.educacion.navarra.es\/web\/wp-content\/uploads\/2015\/11\/PUZLE-1-768x304.png 768w, https:\/\/creena.educacion.navarra.es\/web\/wp-content\/uploads\/2015\/11\/PUZLE-1.png 850w\" sizes=\"(max-width: 300px) 100vw, 300px\" \/><\/a><\/p>\n<ul>\n<li style=\"text-align: left;\"><a href=\"https:\/\/creena.educacion.navarra.es\/web\/necesidades-educativas-especificas\/informaciongeneralh\/presentacion-hospitalaria\/\">Presentaci\u00f3n<\/a><\/li>\n<li style=\"text-align: left;\"><a href=\"https:\/\/creena.educacion.navarra.es\/web\/necesidades-educativas-especificas\/informaciongeneralh\/composicion-de-equipos-hospitalaria\/\">Composici\u00f3n del equipo<\/a><\/li>\n<li style=\"text-align: left;\"><a href=\"https:\/\/creena.educacion.navarra.es\/web\/necesidades-educativas-especificas\/informaciongeneralh\/derechos-de-los-ninosas-hospitalizados\/\">Derechos de los ni\u00f1os\/as hospitalizados<\/a><\/li>\n<\/ul>\n","protected":false},"excerpt":{"rendered":"<p>Presentaci\u00f3n Composici\u00f3n del equipo Derechos de los ni\u00f1os\/as hospitalizados<\/p>\n","protected":false},"author":1,"featured_media":0,"parent":12,"menu_order":4,"comment_status":"closed","ping_status":"closed","template":"","meta":{"_genesis_hide_title":false,"_genesis_hide_breadcrumbs":false,"_genesis_hide_singular_image":false,"_genesis_hide_footer_widgets":false,"_genesis_custom_body_class":"","_genesis_custom_post_class":"","_genesis_layout":"content-sidebar"},"_links":{"self":[{"href":"https:\/\/creena.educacion.navarra.es\/web\/wp-json\/wp\/v2\/pages\/747"}],"collection":[{"href":"https:\/\/creena.educacion.navarra.es\/web\/wp-json\/wp\/v2\/pages"}],"about":[{"href":"https:\/\/creena.educacion.navarra.es\/web\/wp-json\/wp\/v2\/types\/page"}],"author":[{"embeddable":true,"href":"https:\/\/creena.educacion.navarra.es\/web\/wp-json\/wp\/v2\/users\/1"}],"replies":[{"embeddable":true,"href":"https:\/\/creena.educacion.navarra.es\/web\/wp-json\/wp\/v2\/comments?post=747"}],"version-history":[{"count":16,"href":"https:\/\/creena.educacion.navarra.es\/web\/wp-json\/wp\/v2\/pages\/747\/revisions"}],"predecessor-version":[{"id":19467,"href":"https:\/\/creena.educacion.navarra.es\/web\/wp-json\/wp\/v2\/pages\/747\/revisions\/19467"}],"up":[{"embeddable":true,"href":"https:\/\/creena.educacion.navarra.es\/web\/wp-json\/wp\/v2\/pages\/12"}],"wp:attachment":[{"href":"https:\/\/creena.educacion.navarra.es\/web\/wp-json\/wp\/v2\/media?parent=747"}],"curies":[{"name":"wp","href":"https:\/\/api.w.org\/{rel}","templated":true}]}}