{"id":751,"date":"2015-11-26T11:20:57","date_gmt":"2015-11-26T10:20:57","guid":{"rendered":"http:\/\/creena.educacion.navarra.es\/web\/?page_id=751"},"modified":"2026-03-03T13:34:50","modified_gmt":"2026-03-03T12:34:50","slug":"presentacion-hospitalaria","status":"publish","type":"page","link":"https:\/\/creena.educacion.navarra.es\/web\/necesidades-educativas-especificas\/informaciongeneralh\/presentacion-hospitalaria\/","title":{"rendered":"Presentaci\u00f3n"},"content":{"rendered":"<p>El Programa de Atenci\u00f3n Educativa Hospitalaria y Domiciliaria forma parte del Centro de Recursos para la Equidad Educativa de Navarra (CREENA), dependiente del Departamento de Educaci\u00f3n del Gobierno de Navarra.<\/p>\n<p>Est\u00e1 conformado por tres \u00e1mbitos de actuaci\u00f3n: Atenci\u00f3n Educativa Hospitalaria (Aula hospitalaria situada en la planta 4\u00ba del edificio Materno-Infantil del HUN), Atenci\u00f3n Educativa Hospitalaria en Salud Mental (dos aulas situadas en la UHP y centro de d\u00eda Infanto-Juvenil) y Atenci\u00f3n Educativa Domiciliaria.<\/p>\n","protected":false},"excerpt":{"rendered":"<p>El Programa de Atenci\u00f3n Educativa Hospitalaria y Domiciliaria forma parte del Centro de Recursos para la Equidad Educativa de Navarra (CREENA), dependiente del Departamento de Educaci\u00f3n del Gobierno de Navarra. Est\u00e1 conformado por tres \u00e1mbitos de actuaci\u00f3n: Atenci\u00f3n Educativa Hospitalaria (Aula hospitalaria situada en la planta 4\u00ba del edificio Materno-Infantil del HUN), Atenci\u00f3n Educativa Hospitalaria [&hellip;]<\/p>\n","protected":false},"author":1,"featured_media":0,"parent":747,"menu_order":0,"comment_status":"closed","ping_status":"closed","template":"","meta":{"_genesis_hide_title":false,"_genesis_hide_breadcrumbs":false,"_genesis_hide_singular_image":false,"_genesis_hide_footer_widgets":false,"_genesis_custom_body_class":"","_genesis_custom_post_class":"","_genesis_layout":"content-sidebar"},"_links":{"self":[{"href":"https:\/\/creena.educacion.navarra.es\/web\/wp-json\/wp\/v2\/pages\/751"}],"collection":[{"href":"https:\/\/creena.educacion.navarra.es\/web\/wp-json\/wp\/v2\/pages"}],"about":[{"href":"https:\/\/creena.educacion.navarra.es\/web\/wp-json\/wp\/v2\/types\/page"}],"author":[{"embeddable":true,"href":"https:\/\/creena.educacion.navarra.es\/web\/wp-json\/wp\/v2\/users\/1"}],"replies":[{"embeddable":true,"href":"https:\/\/creena.educacion.navarra.es\/web\/wp-json\/wp\/v2\/comments?post=751"}],"version-history":[{"count":15,"href":"https:\/\/creena.educacion.navarra.es\/web\/wp-json\/wp\/v2\/pages\/751\/revisions"}],"predecessor-version":[{"id":19621,"href":"https:\/\/creena.educacion.navarra.es\/web\/wp-json\/wp\/v2\/pages\/751\/revisions\/19621"}],"up":[{"embeddable":true,"href":"https:\/\/creena.educacion.navarra.es\/web\/wp-json\/wp\/v2\/pages\/747"}],"wp:attachment":[{"href":"https:\/\/creena.educacion.navarra.es\/web\/wp-json\/wp\/v2\/media?parent=751"}],"curies":[{"name":"wp","href":"https:\/\/api.w.org\/{rel}","templated":true}]}}