{"id":753,"date":"2015-11-26T11:26:13","date_gmt":"2015-11-26T10:26:13","guid":{"rendered":"http:\/\/creena.educacion.navarra.es\/web\/?page_id=753"},"modified":"2025-11-26T08:56:49","modified_gmt":"2025-11-26T07:56:49","slug":"composicion-de-equipos-hospitalaria","status":"publish","type":"page","link":"https:\/\/creena.educacion.navarra.es\/web\/necesidades-educativas-especificas\/informaciongeneralh\/composicion-de-equipos-hospitalaria\/","title":{"rendered":"Composici\u00f3n del Programa"},"content":{"rendered":"<p><strong>Programa de atenci\u00f3n hospitalaria y domiciliaria<\/strong>: atender\u00e1 las aulas hospitalarias y al alumnado convaleciente en su domicilio, para garantizar el derecho a la educaci\u00f3n de todo el alumnado.<\/p>\n<ul>\n<li>Profesorado especialista en pedagog\u00eda terap\u00e9utica<\/li>\n<li aria-level=\"1\">Profesorado de Infantil y Primaria<\/li>\n<li aria-level=\"1\">Profesorado de Secundaria<\/li>\n<\/ul>\n","protected":false},"excerpt":{"rendered":"<p>Programa de atenci\u00f3n hospitalaria y domiciliaria: atender\u00e1 las aulas hospitalarias y al alumnado convaleciente en su domicilio, para garantizar el derecho a la educaci\u00f3n de todo el alumnado. Profesorado especialista en pedagog\u00eda terap\u00e9utica Profesorado de Infantil y Primaria Profesorado de Secundaria<\/p>\n","protected":false},"author":1,"featured_media":0,"parent":747,"menu_order":1,"comment_status":"closed","ping_status":"closed","template":"","meta":{"_genesis_hide_title":false,"_genesis_hide_breadcrumbs":false,"_genesis_hide_singular_image":false,"_genesis_hide_footer_widgets":false,"_genesis_custom_body_class":"","_genesis_custom_post_class":"","_genesis_layout":"content-sidebar"},"_links":{"self":[{"href":"https:\/\/creena.educacion.navarra.es\/web\/wp-json\/wp\/v2\/pages\/753"}],"collection":[{"href":"https:\/\/creena.educacion.navarra.es\/web\/wp-json\/wp\/v2\/pages"}],"about":[{"href":"https:\/\/creena.educacion.navarra.es\/web\/wp-json\/wp\/v2\/types\/page"}],"author":[{"embeddable":true,"href":"https:\/\/creena.educacion.navarra.es\/web\/wp-json\/wp\/v2\/users\/1"}],"replies":[{"embeddable":true,"href":"https:\/\/creena.educacion.navarra.es\/web\/wp-json\/wp\/v2\/comments?post=753"}],"version-history":[{"count":14,"href":"https:\/\/creena.educacion.navarra.es\/web\/wp-json\/wp\/v2\/pages\/753\/revisions"}],"predecessor-version":[{"id":19456,"href":"https:\/\/creena.educacion.navarra.es\/web\/wp-json\/wp\/v2\/pages\/753\/revisions\/19456"}],"up":[{"embeddable":true,"href":"https:\/\/creena.educacion.navarra.es\/web\/wp-json\/wp\/v2\/pages\/747"}],"wp:attachment":[{"href":"https:\/\/creena.educacion.navarra.es\/web\/wp-json\/wp\/v2\/media?parent=753"}],"curies":[{"name":"wp","href":"https:\/\/api.w.org\/{rel}","templated":true}]}}