{"id":79,"date":"2015-11-06T09:53:10","date_gmt":"2015-11-06T08:53:10","guid":{"rendered":"http:\/\/creena.educacion.navarra.es\/web\/?page_id=79"},"modified":"2020-02-11T10:07:23","modified_gmt":"2020-02-11T09:07:23","slug":"intervencion-2","status":"publish","type":"page","link":"https:\/\/creena.educacion.navarra.es\/web\/creena-tudela\/intervencion-2\/","title":{"rendered":"Intervenci\u00f3n Tudela"},"content":{"rendered":"<ul>\n<li><a href=\"https:\/\/creena.educacion.navarra.es\/web\/creena-tudela\/intervencion-2\/ambito-de-intervenciont\/\">\u00c1mbito de intervenci\u00f3n<\/a><\/li>\n<li><a href=\"https:\/\/creena.educacion.navarra.es\/web\/creena-tudela\/intervencion-2\/tipo-de-intervencion\/\">Tipos de intervenci\u00f3n<\/a><\/li>\n<li><a href=\"https:\/\/creena.educacion.navarra.es\/web\/creena-tudela\/intervencion-2\/procedimiento-de-intervencion\/\">Procedimiento de intervenci\u00f3n<\/a><\/li>\n<\/ul>\n","protected":false},"excerpt":{"rendered":"<p>\u00c1mbito de intervenci\u00f3n Tipos de intervenci\u00f3n Procedimiento de intervenci\u00f3n<\/p>\n","protected":false},"author":1,"featured_media":0,"parent":31,"menu_order":1,"comment_status":"closed","ping_status":"closed","template":"","meta":{"_genesis_hide_title":false,"_genesis_hide_breadcrumbs":false,"_genesis_hide_singular_image":false,"_genesis_hide_footer_widgets":false,"_genesis_custom_body_class":"","_genesis_custom_post_class":"","_genesis_layout":""},"_links":{"self":[{"href":"https:\/\/creena.educacion.navarra.es\/web\/wp-json\/wp\/v2\/pages\/79"}],"collection":[{"href":"https:\/\/creena.educacion.navarra.es\/web\/wp-json\/wp\/v2\/pages"}],"about":[{"href":"https:\/\/creena.educacion.navarra.es\/web\/wp-json\/wp\/v2\/types\/page"}],"author":[{"embeddable":true,"href":"https:\/\/creena.educacion.navarra.es\/web\/wp-json\/wp\/v2\/users\/1"}],"replies":[{"embeddable":true,"href":"https:\/\/creena.educacion.navarra.es\/web\/wp-json\/wp\/v2\/comments?post=79"}],"version-history":[{"count":5,"href":"https:\/\/creena.educacion.navarra.es\/web\/wp-json\/wp\/v2\/pages\/79\/revisions"}],"predecessor-version":[{"id":14039,"href":"https:\/\/creena.educacion.navarra.es\/web\/wp-json\/wp\/v2\/pages\/79\/revisions\/14039"}],"up":[{"embeddable":true,"href":"https:\/\/creena.educacion.navarra.es\/web\/wp-json\/wp\/v2\/pages\/31"}],"wp:attachment":[{"href":"https:\/\/creena.educacion.navarra.es\/web\/wp-json\/wp\/v2\/media?parent=79"}],"curies":[{"name":"wp","href":"https:\/\/api.w.org\/{rel}","templated":true}]}}