{"id":81,"date":"2015-11-06T09:56:05","date_gmt":"2015-11-06T08:56:58","guid":{"rendered":"http:\/\/creena.educacion.navarra.es\/web\/?page_id=81"},"modified":"2017-05-12T13:42:46","modified_gmt":"2017-05-12T11:42:46","slug":"ambito-de-intervenciont","status":"publish","type":"page","link":"https:\/\/creena.educacion.navarra.es\/web\/creena-tudela\/intervencion-2\/ambito-de-intervenciont\/","title":{"rendered":"\u00c1mbito de intervenci\u00f3n"},"content":{"rendered":"<ul>\n<li>Alumnado con necesidades espec\u00edficas de apoyo educativo para el tramo de 0-3 a\u00f1os.<\/li>\n<li>Atenci\u00f3n a todas las discapacidades, en coordinaci\u00f3n con el resto de equipos espec\u00edficos y seg\u00fan las necesidades de la zona.<\/li>\n<li>Informaci\u00f3n general a familias, centros educativos e instituciones relacionadas con las necesidades espec\u00edficas de apoyo educativo<\/li>\n<\/ul>\n","protected":false},"excerpt":{"rendered":"<p>Alumnado con necesidades espec\u00edficas de apoyo educativo para el tramo de 0-3 a\u00f1os. Atenci\u00f3n a todas las discapacidades, en coordinaci\u00f3n con el resto de equipos espec\u00edficos y seg\u00fan las necesidades de la zona. Informaci\u00f3n general a familias, centros educativos e instituciones relacionadas con las necesidades espec\u00edficas de apoyo educativo<\/p>\n","protected":false},"author":1,"featured_media":0,"parent":79,"menu_order":2,"comment_status":"closed","ping_status":"closed","template":"","meta":{"_genesis_hide_title":false,"_genesis_hide_breadcrumbs":false,"_genesis_hide_singular_image":false,"_genesis_hide_footer_widgets":false,"_genesis_custom_body_class":"","_genesis_custom_post_class":"","_genesis_layout":""},"_links":{"self":[{"href":"https:\/\/creena.educacion.navarra.es\/web\/wp-json\/wp\/v2\/pages\/81"}],"collection":[{"href":"https:\/\/creena.educacion.navarra.es\/web\/wp-json\/wp\/v2\/pages"}],"about":[{"href":"https:\/\/creena.educacion.navarra.es\/web\/wp-json\/wp\/v2\/types\/page"}],"author":[{"embeddable":true,"href":"https:\/\/creena.educacion.navarra.es\/web\/wp-json\/wp\/v2\/users\/1"}],"replies":[{"embeddable":true,"href":"https:\/\/creena.educacion.navarra.es\/web\/wp-json\/wp\/v2\/comments?post=81"}],"version-history":[{"count":3,"href":"https:\/\/creena.educacion.navarra.es\/web\/wp-json\/wp\/v2\/pages\/81\/revisions"}],"predecessor-version":[{"id":9135,"href":"https:\/\/creena.educacion.navarra.es\/web\/wp-json\/wp\/v2\/pages\/81\/revisions\/9135"}],"up":[{"embeddable":true,"href":"https:\/\/creena.educacion.navarra.es\/web\/wp-json\/wp\/v2\/pages\/79"}],"wp:attachment":[{"href":"https:\/\/creena.educacion.navarra.es\/web\/wp-json\/wp\/v2\/media?parent=81"}],"curies":[{"name":"wp","href":"https:\/\/api.w.org\/{rel}","templated":true}]}}