{"id":8188,"date":"2017-04-06T09:03:12","date_gmt":"2017-04-06T07:03:12","guid":{"rendered":"http:\/\/creena.educacion.navarra.es\/web\/?page_id=8188\/"},"modified":"2019-04-01T11:10:20","modified_gmt":"2019-04-01T09:10:20","slug":"evaluacion-a","status":"publish","type":"page","link":"https:\/\/creena.educacion.navarra.es\/web\/necesidades-educativas-especiales\/equipo-auditivos\/evaluacion-a\/","title":{"rendered":"Evaluaci\u00f3n Psicopedag\u00f3gica"},"content":{"rendered":"<ul>\n<li><span style=\"color: #800000;\"><a style=\"color: #800000;\" href=\"http:\/\/creena.educacion.navarra.es\/web\/protocolos\/auditivos\/\" target=\"_blank\" rel=\"noopener noreferrer\">Gu\u00eda para la evaluaci\u00f3n psicopedag\u00f3gic<\/a>a<\/span><\/li>\n<li><span style=\"color: #800000;\"><a style=\"color: #800000;\" href=\"https:\/\/drive.google.com\/open?id=0B0eiH-cLhm7IakljeVFfNHRJbkk\" target=\"_blank\" rel=\"noopener noreferrer\">Indicadores de sospecha<\/a><\/span>\n<ul>\n<li><span style=\"color: #800000;\"><a style=\"color: #800000;\" href=\"https:\/\/drive.google.com\/open?id=0B0eiH-cLhm7IdGhwdkZfNlh3Mlk\" target=\"_blank\" rel=\"noopener noreferrer\">Tr\u00edptico<\/a><\/span><\/li>\n<\/ul>\n<\/li>\n<li><span style=\"color: #800000;\"><a style=\"color: #800000;\" href=\"https:\/\/drive.google.com\/open?id=0B0eiH-cLhm7IenZvQmotenZ3TU0\" target=\"_blank\" rel=\"noopener noreferrer\">Orientaciones para la evaluaci\u00f3n psicopedag\u00f3gica<\/a><\/span><\/li>\n<li><span style=\"color: #800000;\"><a style=\"color: #800000;\" href=\"https:\/\/drive.google.com\/open?id=0B0eiH-cLhm7IR3dGVzNBVG9mX2s\" target=\"_blank\" rel=\"noopener noreferrer\">Evaluaci\u00f3n de habilidades auditivas<\/a><\/span><\/li>\n<li><span style=\"color: #800000;\"><a style=\"color: #800000;\" href=\"https:\/\/complydis.usal.es\/wp-content\/uploads\/2019\/02\/PEALE.pdf\" target=\"_blank\" rel=\"noopener noreferrer\">PEALE: Pruebas de Evaluaci\u00f3n Anal\u00edtica de la Lengua Escrita<\/a><\/span><\/li>\n<li><span style=\"color: #800000;\">PIPE: Prueba de Identificaci\u00f3n de Palabras Escritas<\/span> (letras: <a href=\"https:\/\/complydis.usal.es\/wp-content\/uploads\/2019\/02\/PIPE.pdf\" target=\"_blank\" rel=\"noopener noreferrer\">ligada<\/a>, <a href=\"https:\/\/complydis.usal.es\/wp-content\/uploads\/2019\/02\/PIPE_mayuscula.pdf\" target=\"_blank\" rel=\"noopener noreferrer\">may\u00fascula<\/a> o <a href=\"https:\/\/complydis.usal.es\/wp-content\/uploads\/2019\/02\/PIPE_imprenta.pdf\" target=\"_blank\" rel=\"noopener noreferrer\">imprenta<\/a>)<\/li>\n<\/ul>\n\n\n<p><\/p>\n","protected":false},"excerpt":{"rendered":"<p>Gu\u00eda para la evaluaci\u00f3n psicopedag\u00f3gica Indicadores de sospecha Tr\u00edptico Orientaciones para la evaluaci\u00f3n psicopedag\u00f3gica Evaluaci\u00f3n de habilidades auditivas PEALE: Pruebas de Evaluaci\u00f3n Anal\u00edtica de la Lengua Escrita PIPE: Prueba de Identificaci\u00f3n de Palabras Escritas (letras: ligada, may\u00fascula o imprenta)<\/p>\n","protected":false},"author":1,"featured_media":0,"parent":183,"menu_order":1,"comment_status":"closed","ping_status":"closed","template":"","meta":{"_genesis_hide_title":false,"_genesis_hide_breadcrumbs":false,"_genesis_hide_singular_image":false,"_genesis_hide_footer_widgets":false,"_genesis_custom_body_class":"","_genesis_custom_post_class":"","_genesis_layout":""},"_links":{"self":[{"href":"https:\/\/creena.educacion.navarra.es\/web\/wp-json\/wp\/v2\/pages\/8188"}],"collection":[{"href":"https:\/\/creena.educacion.navarra.es\/web\/wp-json\/wp\/v2\/pages"}],"about":[{"href":"https:\/\/creena.educacion.navarra.es\/web\/wp-json\/wp\/v2\/types\/page"}],"author":[{"embeddable":true,"href":"https:\/\/creena.educacion.navarra.es\/web\/wp-json\/wp\/v2\/users\/1"}],"replies":[{"embeddable":true,"href":"https:\/\/creena.educacion.navarra.es\/web\/wp-json\/wp\/v2\/comments?post=8188"}],"version-history":[{"count":9,"href":"https:\/\/creena.educacion.navarra.es\/web\/wp-json\/wp\/v2\/pages\/8188\/revisions"}],"predecessor-version":[{"id":13147,"href":"https:\/\/creena.educacion.navarra.es\/web\/wp-json\/wp\/v2\/pages\/8188\/revisions\/13147"}],"up":[{"embeddable":true,"href":"https:\/\/creena.educacion.navarra.es\/web\/wp-json\/wp\/v2\/pages\/183"}],"wp:attachment":[{"href":"https:\/\/creena.educacion.navarra.es\/web\/wp-json\/wp\/v2\/media?parent=8188"}],"curies":[{"name":"wp","href":"https:\/\/api.w.org\/{rel}","templated":true}]}}