{"id":8390,"date":"2017-04-11T12:18:18","date_gmt":"2017-04-11T10:18:18","guid":{"rendered":"http:\/\/creena.educacion.navarra.es\/web\/?page_id=8390\/"},"modified":"2025-02-20T11:50:05","modified_gmt":"2025-02-20T10:50:05","slug":"evaluacion-tc","status":"publish","type":"page","link":"https:\/\/creena.educacion.navarra.es\/web\/necesidades-educativas-especificas\/dif-de-aprendizaje-y-lenguaje-oral\/evaluacion-tc\/","title":{"rendered":"Evaluaci\u00f3n T. de aprendizaje"},"content":{"rendered":"<ul>\n<li><a href=\"https:\/\/actualidadcreena.blogspot.com\/2020\/12\/protocolos-para-la-deteccion-temprana.html\" target=\"_blank\" rel=\"noopener\">Protocolo de detecci\u00f3n temprana de las dificultades en el lenguaje escrito<\/a><\/li>\n<li><a href=\"https:\/\/creena.educacion.navarra.es\/web\/protocolos\/trastornos-del-aprendizaje\/\" target=\"_blank\" rel=\"noopener\">Protocolo de evaluaci\u00f3n psicopedag\u00f3gica : Trastorno de Aprendizaje<\/a><\/li>\n<li><a href=\"https:\/\/drive.google.com\/open?id=0B0eiH-cLhm7IVXZldjNGaUJIV28\" target=\"_blank\" rel=\"noopener noreferrer\">Pruebas de lectura, escritura y c\u00e1lculo<\/a><\/li>\n<\/ul>\n\n\n<p><\/p>\n","protected":false},"excerpt":{"rendered":"<p>Protocolo de detecci\u00f3n temprana de las dificultades en el lenguaje escrito Protocolo de evaluaci\u00f3n psicopedag\u00f3gica : Trastorno de Aprendizaje Pruebas de lectura, escritura y c\u00e1lculo<\/p>\n","protected":false},"author":1,"featured_media":0,"parent":12637,"menu_order":4,"comment_status":"closed","ping_status":"closed","template":"","meta":{"_genesis_hide_title":false,"_genesis_hide_breadcrumbs":false,"_genesis_hide_singular_image":false,"_genesis_hide_footer_widgets":false,"_genesis_custom_body_class":"","_genesis_custom_post_class":"","_genesis_layout":""},"_links":{"self":[{"href":"https:\/\/creena.educacion.navarra.es\/web\/wp-json\/wp\/v2\/pages\/8390"}],"collection":[{"href":"https:\/\/creena.educacion.navarra.es\/web\/wp-json\/wp\/v2\/pages"}],"about":[{"href":"https:\/\/creena.educacion.navarra.es\/web\/wp-json\/wp\/v2\/types\/page"}],"author":[{"embeddable":true,"href":"https:\/\/creena.educacion.navarra.es\/web\/wp-json\/wp\/v2\/users\/1"}],"replies":[{"embeddable":true,"href":"https:\/\/creena.educacion.navarra.es\/web\/wp-json\/wp\/v2\/comments?post=8390"}],"version-history":[{"count":26,"href":"https:\/\/creena.educacion.navarra.es\/web\/wp-json\/wp\/v2\/pages\/8390\/revisions"}],"predecessor-version":[{"id":18948,"href":"https:\/\/creena.educacion.navarra.es\/web\/wp-json\/wp\/v2\/pages\/8390\/revisions\/18948"}],"up":[{"embeddable":true,"href":"https:\/\/creena.educacion.navarra.es\/web\/wp-json\/wp\/v2\/pages\/12637"}],"wp:attachment":[{"href":"https:\/\/creena.educacion.navarra.es\/web\/wp-json\/wp\/v2\/media?parent=8390"}],"curies":[{"name":"wp","href":"https:\/\/api.w.org\/{rel}","templated":true}]}}