{"id":85,"date":"2015-11-06T10:28:46","date_gmt":"2015-11-06T09:28:46","guid":{"rendered":"http:\/\/creena.educacion.navarra.es\/web\/?page_id=85"},"modified":"2017-05-12T13:43:58","modified_gmt":"2017-05-12T11:43:58","slug":"procedimiento-de-intervencion","status":"publish","type":"page","link":"https:\/\/creena.educacion.navarra.es\/web\/creena-tudela\/intervencion-2\/procedimiento-de-intervencion\/","title":{"rendered":"Procedimiento de Intervenci\u00f3n"},"content":{"rendered":"<ol>\n<li><strong>Demanda de intervenci\u00f3n a los equipos espec\u00edficos de Pamplona.<\/strong> Los centros escolares solicitar\u00e1n intervenci\u00f3n del Creena mediante el protocolo \u00abSolicitud de intervenci\u00f3n\/colaboraci\u00f3n de los Equipos Espec\u00edficos\u00bb (Web), a trav\u00e9s de los orientadores de los centros. Dicha hoja de solicitud debe ir acompa\u00f1ada de toda la informaci\u00f3n relevante disponible.<\/li>\n<li><strong>Reuni\u00f3n inicial en el centro escolar. <\/strong>En est\u00e1 reuni\u00f3n suelen participar todos los prefesionales que tienen relaci\u00f3n con el alumnado y en ella se recopilan los datos disponibles sobre el mismo y su contexto familiar y escolar. Se establece el marco de colaboraci\u00f3n, el procedimiento de intervenci\u00f3n y se proporcionan las primeras orientaciones para responder a las necesidades del alumnado detectadas.<\/li>\n<li><strong>Propuestas y asesoramiento para evaluaci\u00f3n y determinaci\u00f3n de las necesidades educativas espec\u00edficas. <\/strong>Una vez recopilados todos los datos e informes se elabora un plan de evaluaci\u00f3n en colaboraci\u00f3n con el centro escolar. Este plan de evaluaci\u00f3n contempla: \u00c1mbitos a evaluar, instrumentos a utilizar, personas responsables y fechas de realizaci\u00f3n. Bas\u00e1ndose en este plan se realiza la evaluaci\u00f3n del alumno y a partir de sus datos se deteminan sus necesidades educativas. En el caso de Atenci\u00f3n Temprana, la evaluaci\u00f3n la realizara la persona especialista en orientaci\u00f3n educativa, del CREENA de Tudela.<\/li>\n<li><strong>Propuestas y asesoramiento para la respuesta educativa.<\/strong> Los diferentes profesionales del Creena de Tudela, dise\u00f1an propuestas y programas de actuaci\u00f3n para abordar las necesidades del alumnado y su contexto escolar y familiar. Estos programas orientar\u00e1n la actuaci\u00f3n de los profesionales de los centros.<\/li>\n<li><strong>Seguimiento. <\/strong>Este tiene como objetivo analizar, valorar y reajustar los diferentes elementos de la respuesta educativa. Dependiendo de los casos y del marco de colaboraci\u00f3n establecido, se realiza el seguimiento a trav\u00e9s de reuniones o mediante contactos telef\u00f3nicos.<\/li>\n<\/ol>\n","protected":false},"excerpt":{"rendered":"<p>Demanda de intervenci\u00f3n a los equipos espec\u00edficos de Pamplona. Los centros escolares solicitar\u00e1n intervenci\u00f3n del Creena mediante el protocolo \u00abSolicitud de intervenci\u00f3n\/colaboraci\u00f3n de los Equipos Espec\u00edficos\u00bb (Web), a trav\u00e9s de los orientadores de los centros. Dicha hoja de solicitud debe ir acompa\u00f1ada de toda la informaci\u00f3n relevante disponible. Reuni\u00f3n inicial en el centro escolar. En [&hellip;]<\/p>\n","protected":false},"author":1,"featured_media":0,"parent":79,"menu_order":0,"comment_status":"closed","ping_status":"closed","template":"","meta":{"_genesis_hide_title":false,"_genesis_hide_breadcrumbs":false,"_genesis_hide_singular_image":false,"_genesis_hide_footer_widgets":false,"_genesis_custom_body_class":"","_genesis_custom_post_class":"","_genesis_layout":""},"_links":{"self":[{"href":"https:\/\/creena.educacion.navarra.es\/web\/wp-json\/wp\/v2\/pages\/85"}],"collection":[{"href":"https:\/\/creena.educacion.navarra.es\/web\/wp-json\/wp\/v2\/pages"}],"about":[{"href":"https:\/\/creena.educacion.navarra.es\/web\/wp-json\/wp\/v2\/types\/page"}],"author":[{"embeddable":true,"href":"https:\/\/creena.educacion.navarra.es\/web\/wp-json\/wp\/v2\/users\/1"}],"replies":[{"embeddable":true,"href":"https:\/\/creena.educacion.navarra.es\/web\/wp-json\/wp\/v2\/comments?post=85"}],"version-history":[{"count":3,"href":"https:\/\/creena.educacion.navarra.es\/web\/wp-json\/wp\/v2\/pages\/85\/revisions"}],"predecessor-version":[{"id":9139,"href":"https:\/\/creena.educacion.navarra.es\/web\/wp-json\/wp\/v2\/pages\/85\/revisions\/9139"}],"up":[{"embeddable":true,"href":"https:\/\/creena.educacion.navarra.es\/web\/wp-json\/wp\/v2\/pages\/79"}],"wp:attachment":[{"href":"https:\/\/creena.educacion.navarra.es\/web\/wp-json\/wp\/v2\/media?parent=85"}],"curies":[{"name":"wp","href":"https:\/\/api.w.org\/{rel}","templated":true}]}}