{"id":9638,"date":"2017-05-31T12:06:50","date_gmt":"2017-05-31T10:06:50","guid":{"rendered":"http:\/\/creena.educacion.navarra.es\/web\/?page_id=9638\/"},"modified":"2017-09-11T08:55:02","modified_gmt":"2017-09-11T06:55:02","slug":"informacion","status":"publish","type":"page","link":"https:\/\/creena.educacion.navarra.es\/web\/necesidades-educativas-especiales\/trastornos-del-espectro-autista\/informacion\/","title":{"rendered":"Informaci\u00f3n"},"content":{"rendered":"<ul>\n<li><a href=\"https:\/\/creena.educacion.navarra.es\/web\/necesidades-educativas-especiales\/trastornos-del-espectro-autista\/informacion\/composicion-del-equipo-tea\/\">Composici\u00f3n del equipo<\/a><\/li>\n<li><a href=\"https:\/\/creena.educacion.navarra.es\/web\/necesidades-educativas-especiales\/trastornos-del-espectro-autista\/informacion\/funciones-tea\/\">Funciones<\/a><\/li>\n<li><a href=\"https:\/\/creena.educacion.navarra.es\/web\/necesidades-educativas-especiales\/trastornos-del-espectro-autista\/informacion\/ambito-de-intervencion-tea\/\">\u00c1mbito de intervenci\u00f3n<\/a><\/li>\n<li><a href=\"https:\/\/creena.educacion.navarra.es\/web\/necesidades-educativas-especiales\/trastornos-del-espectro-autista\/informacion\/criterios-de-intervencion-ta\/\">Criterios de intervenci\u00f3n<\/a><\/li>\n<\/ul>\n<p>&nbsp;<\/p>\n","protected":false},"excerpt":{"rendered":"<p>Composici\u00f3n del equipo Funciones \u00c1mbito de intervenci\u00f3n Criterios de intervenci\u00f3n &nbsp;<\/p>\n","protected":false},"author":1,"featured_media":0,"parent":7592,"menu_order":0,"comment_status":"closed","ping_status":"closed","template":"","meta":{"_genesis_hide_title":false,"_genesis_hide_breadcrumbs":false,"_genesis_hide_singular_image":false,"_genesis_hide_footer_widgets":false,"_genesis_custom_body_class":"","_genesis_custom_post_class":"","_genesis_layout":""},"_links":{"self":[{"href":"https:\/\/creena.educacion.navarra.es\/web\/wp-json\/wp\/v2\/pages\/9638"}],"collection":[{"href":"https:\/\/creena.educacion.navarra.es\/web\/wp-json\/wp\/v2\/pages"}],"about":[{"href":"https:\/\/creena.educacion.navarra.es\/web\/wp-json\/wp\/v2\/types\/page"}],"author":[{"embeddable":true,"href":"https:\/\/creena.educacion.navarra.es\/web\/wp-json\/wp\/v2\/users\/1"}],"replies":[{"embeddable":true,"href":"https:\/\/creena.educacion.navarra.es\/web\/wp-json\/wp\/v2\/comments?post=9638"}],"version-history":[{"count":9,"href":"https:\/\/creena.educacion.navarra.es\/web\/wp-json\/wp\/v2\/pages\/9638\/revisions"}],"predecessor-version":[{"id":10524,"href":"https:\/\/creena.educacion.navarra.es\/web\/wp-json\/wp\/v2\/pages\/9638\/revisions\/10524"}],"up":[{"embeddable":true,"href":"https:\/\/creena.educacion.navarra.es\/web\/wp-json\/wp\/v2\/pages\/7592"}],"wp:attachment":[{"href":"https:\/\/creena.educacion.navarra.es\/web\/wp-json\/wp\/v2\/media?parent=9638"}],"curies":[{"name":"wp","href":"https:\/\/api.w.org\/{rel}","templated":true}]}}