{"id":9833,"date":"2017-06-01T13:41:24","date_gmt":"2017-06-01T11:41:24","guid":{"rendered":"http:\/\/creena.educacion.navarra.es\/web\/?page_id=9833\/"},"modified":"2017-06-06T10:02:31","modified_gmt":"2017-06-06T08:02:31","slug":"informacion-ptva","status":"publish","type":"page","link":"https:\/\/creena.educacion.navarra.es\/web\/necesidades-educativas-especiales\/p-t-v-a\/informacion-ptva\/","title":{"rendered":"Informaci\u00f3n"},"content":{"rendered":"<ul>\n<li><a href=\"https:\/\/creena.educacion.navarra.es\/web\/necesidades-educativas-especiales\/p-t-v-a\/informacion-ptva\/composicion-del-equipo\/\"><span style=\"color: #993300;\">Composici\u00f3n del equipo<\/span><\/a><\/li>\n<li><a href=\"https:\/\/creena.educacion.navarra.es\/web\/necesidades-educativas-especiales\/p-t-v-a\/informacion-ptva\/ambito-de-actuacion-y-funciones-ptva\/\"><span style=\"color: #993300;\">\u00c1mbito de actuaci\u00f3n y funciones<\/span><\/a><\/li>\n<li><a href=\"https:\/\/creena.educacion.navarra.es\/web\/necesidades-educativas-especiales\/p-t-v-a\/informacion-ptva\/criterios-de-intervencion-ptva\/\"><span style=\"color: #800000;\">Criterios de intervenci\u00f3n<\/span><\/a><\/li>\n<\/ul>\n","protected":false},"excerpt":{"rendered":"<p>Composici\u00f3n del equipo \u00c1mbito de actuaci\u00f3n y funciones Criterios de intervenci\u00f3n<\/p>\n","protected":false},"author":1,"featured_media":0,"parent":3366,"menu_order":0,"comment_status":"closed","ping_status":"closed","template":"","meta":{"_genesis_hide_title":false,"_genesis_hide_breadcrumbs":false,"_genesis_hide_singular_image":false,"_genesis_hide_footer_widgets":false,"_genesis_custom_body_class":"","_genesis_custom_post_class":"","_genesis_layout":""},"_links":{"self":[{"href":"https:\/\/creena.educacion.navarra.es\/web\/wp-json\/wp\/v2\/pages\/9833"}],"collection":[{"href":"https:\/\/creena.educacion.navarra.es\/web\/wp-json\/wp\/v2\/pages"}],"about":[{"href":"https:\/\/creena.educacion.navarra.es\/web\/wp-json\/wp\/v2\/types\/page"}],"author":[{"embeddable":true,"href":"https:\/\/creena.educacion.navarra.es\/web\/wp-json\/wp\/v2\/users\/1"}],"replies":[{"embeddable":true,"href":"https:\/\/creena.educacion.navarra.es\/web\/wp-json\/wp\/v2\/comments?post=9833"}],"version-history":[{"count":5,"href":"https:\/\/creena.educacion.navarra.es\/web\/wp-json\/wp\/v2\/pages\/9833\/revisions"}],"predecessor-version":[{"id":10059,"href":"https:\/\/creena.educacion.navarra.es\/web\/wp-json\/wp\/v2\/pages\/9833\/revisions\/10059"}],"up":[{"embeddable":true,"href":"https:\/\/creena.educacion.navarra.es\/web\/wp-json\/wp\/v2\/pages\/3366"}],"wp:attachment":[{"href":"https:\/\/creena.educacion.navarra.es\/web\/wp-json\/wp\/v2\/media?parent=9833"}],"curies":[{"name":"wp","href":"https:\/\/api.w.org\/{rel}","templated":true}]}}