{"id":9849,"date":"2017-06-01T13:53:04","date_gmt":"2017-06-01T11:53:04","guid":{"rendered":"http:\/\/creena.educacion.navarra.es\/web\/?page_id=9849\/"},"modified":"2024-10-17T08:40:29","modified_gmt":"2024-10-17T06:40:29","slug":"recursos-ptva","status":"publish","type":"page","link":"https:\/\/creena.educacion.navarra.es\/web\/necesidades-educativas-especiales\/p-t-v-a\/recursos-ptva\/","title":{"rendered":"Recursos"},"content":{"rendered":"<p><a href=\"http:\/\/insercionlaboral-creena.blogspot.com\/\" target=\"_blank\" rel=\"noopener noreferrer\"><img loading=\"lazy\" class=\"alignright wp-image-6806\" src=\"http:\/\/creena.educacion.navarra.es\/web\/wp-content\/uploads\/2015\/12\/blogil.png\" alt=\"Acceso al blog de inserci\u00f3n laboral\" width=\"168\" height=\"168\" srcset=\"https:\/\/creena.educacion.navarra.es\/web\/wp-content\/uploads\/2015\/12\/blogil.png 200w, https:\/\/creena.educacion.navarra.es\/web\/wp-content\/uploads\/2015\/12\/blogil-150x150.png 150w\" sizes=\"(max-width: 168px) 100vw, 168px\" \/><\/a><\/p>\n<ul>\n<li>Redes de apoyo:\n<ul>\n<li><a href=\"https:\/\/drive.google.com\/open?id=135MmAqM2p6j--C0PMskrGDBmGOObsBRq\" target=\"_blank\" rel=\"noopener noreferrer\">Asociaciones<\/a><\/li>\n<li><a href=\"https:\/\/drive.google.com\/open?id=1OdSJJbP7tkSFSy06MUOmVvL2NO1IZjEw\" target=\"_blank\" rel=\"noopener noreferrer\">Servicios de apoyo<\/a><\/li>\n<\/ul>\n<\/li>\n<li>Recursos para equipos docentes:\n<ul>\n<li><a href=\"https:\/\/drive.google.com\/open?id=18Ylo1Z3r5DgPq2-uOXi3VEiOAwJ7v4ua\" target=\"_blank\" rel=\"noopener noreferrer\">Bibliograf\u00eda<\/a><\/li>\n<li><a href=\"https:\/\/drive.google.com\/open?id=1KK_Nm-H4VGBjzCF-wuJpXnNNnt79rGng\" target=\"_blank\" rel=\"noopener noreferrer\">Enlaces de inter\u00e9s<\/a><\/li>\n<li>Para programar:\n<ul>\n<li><a href=\"https:\/\/drive.google.com\/open?id=1D9r4qQct75run4H5Y-gw6o4EHMVrd4OC\" target=\"_blank\" rel=\"noopener noreferrer\">Curr\u00edculo (referentes curriculares)<\/a><\/li>\n<li>Metodolog\u00eda (en elaboraci\u00f3n)<\/li>\n<li>Evaluaci\u00f3n (en elaboraci\u00f3n)<\/li>\n<\/ul>\n<\/li>\n<\/ul>\n<\/li>\n<li>Materiales para el aula:\n<ul>\n<li><a href=\"https:\/\/drive.google.com\/open?id=140X6j_Hi_uLM0Pa8mE6JljyBu3rOt-NS\" target=\"_blank\" rel=\"noopener noreferrer\">Materiales curriculares interactivos<\/a><\/li>\n<\/ul>\n<\/li>\n<\/ul>\n","protected":false},"excerpt":{"rendered":"<p>Redes de apoyo: Asociaciones Servicios de apoyo Recursos para equipos docentes: Bibliograf\u00eda Enlaces de inter\u00e9s Para programar: Curr\u00edculo (referentes curriculares) Metodolog\u00eda (en elaboraci\u00f3n) Evaluaci\u00f3n (en elaboraci\u00f3n) Materiales para el aula: Materiales curriculares interactivos<\/p>\n","protected":false},"author":1,"featured_media":0,"parent":3366,"menu_order":3,"comment_status":"closed","ping_status":"closed","template":"","meta":{"_genesis_hide_title":false,"_genesis_hide_breadcrumbs":false,"_genesis_hide_singular_image":false,"_genesis_hide_footer_widgets":false,"_genesis_custom_body_class":"","_genesis_custom_post_class":"","_genesis_layout":""},"_links":{"self":[{"href":"https:\/\/creena.educacion.navarra.es\/web\/wp-json\/wp\/v2\/pages\/9849"}],"collection":[{"href":"https:\/\/creena.educacion.navarra.es\/web\/wp-json\/wp\/v2\/pages"}],"about":[{"href":"https:\/\/creena.educacion.navarra.es\/web\/wp-json\/wp\/v2\/types\/page"}],"author":[{"embeddable":true,"href":"https:\/\/creena.educacion.navarra.es\/web\/wp-json\/wp\/v2\/users\/1"}],"replies":[{"embeddable":true,"href":"https:\/\/creena.educacion.navarra.es\/web\/wp-json\/wp\/v2\/comments?post=9849"}],"version-history":[{"count":21,"href":"https:\/\/creena.educacion.navarra.es\/web\/wp-json\/wp\/v2\/pages\/9849\/revisions"}],"predecessor-version":[{"id":18549,"href":"https:\/\/creena.educacion.navarra.es\/web\/wp-json\/wp\/v2\/pages\/9849\/revisions\/18549"}],"up":[{"embeddable":true,"href":"https:\/\/creena.educacion.navarra.es\/web\/wp-json\/wp\/v2\/pages\/3366"}],"wp:attachment":[{"href":"https:\/\/creena.educacion.navarra.es\/web\/wp-json\/wp\/v2\/media?parent=9849"}],"curies":[{"name":"wp","href":"https:\/\/api.w.org\/{rel}","templated":true}]}}