{"id":9888,"date":"2017-06-02T09:11:23","date_gmt":"2017-06-02T07:11:23","guid":{"rendered":"http:\/\/creena.educacion.navarra.es\/web\/?page_id=9888\/"},"modified":"2024-10-17T09:35:33","modified_gmt":"2024-10-17T07:35:33","slug":"ambito-de-actuacion-y-funciones-ea","status":"publish","type":"page","link":"https:\/\/creena.educacion.navarra.es\/web\/necesidades-educativas-especiales\/educacion-de-adultos\/educacion-de-adultos\/ambito-de-actuacion-y-funciones-ea\/","title":{"rendered":"\u00c1mbito de actuaci\u00f3n y funciones"},"content":{"rendered":"<p>La <strong>Unidad de Informaci\u00f3n e Inserci\u00f3n Laboral<\/strong> (UIL) pertenece al \u00c1rea de Gesti\u00f3n, Informaci\u00f3n y Medios del CREENA.<\/p>\n<p>Nuestro trabajo se desarrolla en la etapa educativa postobligatoria, en los Ciclos de Formaci\u00f3n Profesional Especial (CFPE), en los Programas de Transici\u00f3n a la Vida Adulta (PTVA) y en los Grupos Espec\u00edficos de Adultos (GEA) de la Educaci\u00f3n B\u00e1sica de Personas Adultas (EBPA). Adem\u00e1s se interviene con personas que requieren informaci\u00f3n para favorecer el tr\u00e1nsito del \u00e1mbito educativo al laboral.<\/p>\n<p>El objetivo de la UIL es el asesoramiento a la comunidad educativa que atiende a alumnado que cursa CFPE, PTVA y GEA, el apoyo en la gesti\u00f3n e implantaci\u00f3n de estructuras, la difusi\u00f3n y creaci\u00f3n de experiencias y materiales curriculares; la investigaci\u00f3n para mejorar las pr\u00e1cticas en los centros; y la informaci\u00f3n y asesoramiento a familias, profesorado y ex-alumnos\/as para favorecer el proceso&nbsp; de tr\u00e1nsito del mundo educativo al productivo.<\/p>\n<p>La UIL la componen tres maestros\/as de Pedagog\u00eda Terap\u00e9utica.<\/p>\n<p><a href=\"http:\/\/creena.educacion.navarra.es\/web\/wp-content\/uploads\/2017\/01\/cuadro.png\"><img loading=\"lazy\" class=\"aligncenter wp-image-10611 size-full\" src=\"http:\/\/creena.educacion.navarra.es\/web\/wp-content\/uploads\/2017\/01\/cuadro.png\" alt=\"\" width=\"930\" height=\"448\" srcset=\"https:\/\/creena.educacion.navarra.es\/web\/wp-content\/uploads\/2017\/01\/cuadro.png 930w, https:\/\/creena.educacion.navarra.es\/web\/wp-content\/uploads\/2017\/01\/cuadro-300x145.png 300w, https:\/\/creena.educacion.navarra.es\/web\/wp-content\/uploads\/2017\/01\/cuadro-768x370.png 768w\" sizes=\"(max-width: 930px) 100vw, 930px\" \/><\/a><\/p>\n<p><\/p>\n<table width=\"663\">\n<tbody>\n<tr>\n<td colspan=\"2\" width=\"663\"><strong>ACTUACIONES DE&nbsp; LA UNIDAD DE INFORMACI\u00d3N E INSERCI\u00d3N LABORAL<\/strong><\/td>\n<\/tr>\n<tr>\n<td style=\"text-align: left;\" width=\"202\"><strong>&nbsp;<\/strong><strong>Con personas con discapacidad\/ familias<\/strong><\/td>\n<td width=\"461\">\n<ul>\n<li style=\"text-align: left;\">Asesorar a familias sobre los CFPE, PTVA y GEA.<\/li>\n<li style=\"text-align: left;\">Asesorar a familias, en colaboraci\u00f3n con los orientadores\/as de los centros, sobre la incorporaci\u00f3n a los CFPE y recibir y tramitar las preinscripciones.<\/li>\n<li style=\"text-align: left;\">Asesorar a familias y a personas que realizan una demanda sobre inserci\u00f3n laboral.<\/li>\n<li style=\"text-align: left;\">Gestionar una base de datos con demandantes: seguimiento para informaci\u00f3n de formaci\u00f3n y empleo.<\/li>\n<li style=\"text-align: left;\">Gestionar un blog con informaci\u00f3n sobre formaci\u00f3n continua y empleo.<\/li>\n<\/ul>\n<\/td>\n<\/tr>\n<tr>\n<td style=\"text-align: left;\" width=\"202\"><em><strong>&nbsp;<\/strong><\/em><strong>Con profesorado y orientadores\/as de CFPE, PTVA y GEA<\/strong><\/td>\n<td width=\"461\">\n<ul>\n<li style=\"text-align: left;\">Asesorar a los profesionales de los centros que atienden a los CFPE, PTVA y GEA sobre aspectos organizativos, curriculares y pedag\u00f3gicos.<\/li>\n<li style=\"text-align: left;\">Asesorar a los profesionales de los centros en relaci\u00f3n a demandas sobre inserci\u00f3n laboral de alumnos\/as que han finalizado la etapa educativa.<\/li>\n<li style=\"text-align: left;\">Asesorar y colaborar con el profesorado y alumnado en la FCT (Pr\u00e1cticas en empresa).<\/li>\n<li style=\"text-align: left;\">Potenciar y gestionar la formaci\u00f3n del profesorado en funci\u00f3n de las demandas.<\/li>\n<li style=\"text-align: left;\">Crear y difundir experiencias innovadoras y materiales curriculares para la mejora de las buenas pr\u00e1cticas.<\/li>\n<\/ul>\n<\/td>\n<\/tr>\n<tr>\n<td style=\"text-align: left;\" width=\"202\"><strong>&nbsp;<\/strong><strong>Con entidades<\/strong><\/td>\n<td width=\"461\">\n<ul>\n<li style=\"text-align: left;\">Coordinar y colaborar con otros servicios, instituciones y organizaciones y asociaciones relacionadas con alumnado con discapacidad intelectual de la etapa postobligatoria.<\/li>\n<li style=\"text-align: left;\">Coordinar y colaborar con otros servicios, instituciones y organizaciones, asociaciones relacionadas con la inserci\u00f3n&nbsp; laboral y con la formaci\u00f3n continua y para el empleo.<\/li>\n<li style=\"text-align: left;\">Colaborar con entidades del \u00e1mbito social y laboral en relaci\u00f3n a casos de personas que est\u00e1n en nuestra base de datos.<\/li>\n<\/ul>\n<\/td>\n<\/tr>\n<tr>\n<td style=\"text-align: left;\" width=\"202\"><strong>Con otros profesionales del Departamento de Educaci\u00f3n del Gobierno de Navarra<\/strong><\/td>\n<td width=\"461\">\n<ul>\n<li style=\"text-align: left;\">Coordinar con el Servicio de Ordenaci\u00f3n, Orientaci\u00f3n e Igualdad de Oportunidades (Secci\u00f3n de Atenci\u00f3n a la Diversidad, Orientaci\u00f3n y Necesidades Educativas Especiales (NEE) para la gesti\u00f3n de los CFPE.<\/li>\n<li style=\"text-align: left;\">Coordinar el Servicio de Formaci\u00f3n Profesional para la gesti\u00f3n los CFPE.<\/li>\n<li style=\"text-align: left;\">Coordinar la Secci\u00f3n de Atenci\u00f3n a la Diversidad, Orientaci\u00f3n y NEE y con el Negociado de Formaci\u00f3n Permanente para la gesti\u00f3n de los GEA.<\/li>\n<li style=\"text-align: left;\">Coordinar con el Departamento de Educaci\u00f3n.<\/li>\n<li style=\"text-align: left;\">Realizar propuestas de mejora.<\/li>\n<\/ul>\n<\/td>\n<\/tr>\n<tr>\n<td style=\"text-align: left;\" width=\"202\"><strong>Con profesionales del CREENA<\/strong><\/td>\n<td width=\"461\">\n<ul>\n<li style=\"text-align: left;\">Coordinar y colaborar en demandas de compa\u00f1eros\/as&nbsp; sobre alumnado de CFPE.<\/li>\n<li style=\"text-align: left;\">Coordinar y colaborar en demandas de compa\u00f1eros\/as&nbsp; sobre alumnado que finaliza la escolaridad.<\/li>\n<\/ul>\n<\/td>\n<\/tr>\n<\/tbody>\n<\/table>\n\n\n<p><\/p>\n","protected":false},"excerpt":{"rendered":"<p>La Unidad de Informaci\u00f3n e Inserci\u00f3n Laboral (UIL) pertenece al \u00c1rea de Gesti\u00f3n, Informaci\u00f3n y Medios del CREENA. Nuestro trabajo se desarrolla en la etapa educativa postobligatoria, en los Ciclos de Formaci\u00f3n Profesional Especial (CFPE), en los Programas de Transici\u00f3n a la Vida Adulta (PTVA) y en los Grupos Espec\u00edficos de Adultos (GEA) de la [&hellip;]<\/p>\n","protected":false},"author":1,"featured_media":0,"parent":9882,"menu_order":2,"comment_status":"closed","ping_status":"closed","template":"","meta":{"_genesis_hide_title":false,"_genesis_hide_breadcrumbs":false,"_genesis_hide_singular_image":false,"_genesis_hide_footer_widgets":false,"_genesis_custom_body_class":"","_genesis_custom_post_class":"","_genesis_layout":""},"_links":{"self":[{"href":"https:\/\/creena.educacion.navarra.es\/web\/wp-json\/wp\/v2\/pages\/9888"}],"collection":[{"href":"https:\/\/creena.educacion.navarra.es\/web\/wp-json\/wp\/v2\/pages"}],"about":[{"href":"https:\/\/creena.educacion.navarra.es\/web\/wp-json\/wp\/v2\/types\/page"}],"author":[{"embeddable":true,"href":"https:\/\/creena.educacion.navarra.es\/web\/wp-json\/wp\/v2\/users\/1"}],"replies":[{"embeddable":true,"href":"https:\/\/creena.educacion.navarra.es\/web\/wp-json\/wp\/v2\/comments?post=9888"}],"version-history":[{"count":8,"href":"https:\/\/creena.educacion.navarra.es\/web\/wp-json\/wp\/v2\/pages\/9888\/revisions"}],"predecessor-version":[{"id":18554,"href":"https:\/\/creena.educacion.navarra.es\/web\/wp-json\/wp\/v2\/pages\/9888\/revisions\/18554"}],"up":[{"embeddable":true,"href":"https:\/\/creena.educacion.navarra.es\/web\/wp-json\/wp\/v2\/pages\/9882"}],"wp:attachment":[{"href":"https:\/\/creena.educacion.navarra.es\/web\/wp-json\/wp\/v2\/media?parent=9888"}],"curies":[{"name":"wp","href":"https:\/\/api.w.org\/{rel}","templated":true}]}}