{"id":9946,"date":"2017-06-02T11:56:42","date_gmt":"2017-06-02T09:56:42","guid":{"rendered":"http:\/\/creena.educacion.navarra.es\/web\/?page_id=9946\/"},"modified":"2019-04-09T13:49:19","modified_gmt":"2019-04-09T11:49:19","slug":"informacionxx","status":"publish","type":"page","link":"https:\/\/creena.educacion.navarra.es\/web\/gestion-informacion-y-medios\/insercion-laboral\/informacionxx\/","title":{"rendered":"Informaci\u00f3n"},"content":{"rendered":"<ul>\n<li><a href=\"https:\/\/creena.educacion.navarra.es\/web\/gestion-informacion-y-medios\/insercion-laboral\/informacionxx\/composicion-del-equipoxx\/\"><span style=\"color: #993300;\">Composici\u00f3n del equipo<\/span><\/a><\/li>\n<li><a href=\"https:\/\/creena.educacion.navarra.es\/web\/gestion-informacion-y-medios\/insercion-laboral\/informacionxx\/ambitos-de-actuacion-y-funcionxx\/\"><span style=\"color: #993300;\">\u00c1mbito de actuaci\u00f3n y funciones<\/span><\/a><\/li>\n<li><a href=\"https:\/\/creena.educacion.navarra.es\/web\/gestion-informacion-y-medios\/insercion-laboral\/informacionxx\/criterios-de-intervencionxx\/\"><span style=\"color: #993300;\">Criterios de intervenci\u00f3n<\/span><\/a><\/li>\n<\/ul>\n","protected":false},"excerpt":{"rendered":"<p>Composici\u00f3n del equipo \u00c1mbito de actuaci\u00f3n y funciones Criterios de intervenci\u00f3n<\/p>\n","protected":false},"author":1,"featured_media":0,"parent":3368,"menu_order":0,"comment_status":"closed","ping_status":"closed","template":"","meta":{"_genesis_hide_title":false,"_genesis_hide_breadcrumbs":false,"_genesis_hide_singular_image":false,"_genesis_hide_footer_widgets":false,"_genesis_custom_body_class":"","_genesis_custom_post_class":"","_genesis_layout":""},"_links":{"self":[{"href":"https:\/\/creena.educacion.navarra.es\/web\/wp-json\/wp\/v2\/pages\/9946"}],"collection":[{"href":"https:\/\/creena.educacion.navarra.es\/web\/wp-json\/wp\/v2\/pages"}],"about":[{"href":"https:\/\/creena.educacion.navarra.es\/web\/wp-json\/wp\/v2\/types\/page"}],"author":[{"embeddable":true,"href":"https:\/\/creena.educacion.navarra.es\/web\/wp-json\/wp\/v2\/users\/1"}],"replies":[{"embeddable":true,"href":"https:\/\/creena.educacion.navarra.es\/web\/wp-json\/wp\/v2\/comments?post=9946"}],"version-history":[{"count":9,"href":"https:\/\/creena.educacion.navarra.es\/web\/wp-json\/wp\/v2\/pages\/9946\/revisions"}],"predecessor-version":[{"id":13377,"href":"https:\/\/creena.educacion.navarra.es\/web\/wp-json\/wp\/v2\/pages\/9946\/revisions\/13377"}],"up":[{"embeddable":true,"href":"https:\/\/creena.educacion.navarra.es\/web\/wp-json\/wp\/v2\/pages\/3368"}],"wp:attachment":[{"href":"https:\/\/creena.educacion.navarra.es\/web\/wp-json\/wp\/v2\/media?parent=9946"}],"curies":[{"name":"wp","href":"https:\/\/api.w.org\/{rel}","templated":true}]}}