{"id":9967,"date":"2017-06-02T12:32:47","date_gmt":"2017-06-02T10:32:47","guid":{"rendered":"http:\/\/creena.educacion.navarra.es\/web\/?page_id=9967\/"},"modified":"2019-04-08T09:39:34","modified_gmt":"2019-04-08T07:39:34","slug":"recursosxx","status":"publish","type":"page","link":"https:\/\/creena.educacion.navarra.es\/web\/gestion-informacion-y-medios\/insercion-laboral\/recursosxx\/","title":{"rendered":"Recursos"},"content":{"rendered":"<p><a href=\"http:\/\/insercionlaboral-creena.blogspot.com\/\" target=\"_blank\" rel=\"noopener noreferrer\"><img loading=\"lazy\" class=\"alignright wp-image-6806\" src=\"http:\/\/creena.educacion.navarra.es\/web\/wp-content\/uploads\/2015\/12\/blogil.png\" alt=\"blogil\" width=\"151\" height=\"151\" srcset=\"https:\/\/creena.educacion.navarra.es\/web\/wp-content\/uploads\/2015\/12\/blogil.png 200w, https:\/\/creena.educacion.navarra.es\/web\/wp-content\/uploads\/2015\/12\/blogil-150x150.png 150w\" sizes=\"(max-width: 151px) 100vw, 151px\" \/><\/a><\/p>\n<ul>\n<li><a href=\"http:\/\/creena.educacion.navarra.es\/web\/wp-content\/uploads\/2019\/04\/Nuevo-22.gif\"><img loading=\"lazy\" class=\"alignleft size-full wp-image-13197\" src=\"http:\/\/creena.educacion.navarra.es\/web\/wp-content\/uploads\/2019\/04\/Nuevo-22.gif\" alt=\"\" width=\"64\" height=\"10\" \/><\/a><a href=\"https:\/\/drive.google.com\/open?id=1VXxB-jArg8g2WMXbxG0UrsG30a97eqsV\" target=\"_blank\" rel=\"noopener noreferrer\">Gu\u00eda de Orientaci\u00f3n Socio-Laboral para personas con discapacidad<\/a><\/li>\n<li><a href=\"https:\/\/drive.google.com\/open?id=0B0eiH-cLhm7IMDU3bEZEVHdRLUE\" target=\"_blank\" rel=\"noopener noreferrer\">Recursos Sociales y Laborales<\/a><\/li>\n<li><a href=\"https:\/\/drive.google.com\/open?id=1lD2KDXU5F-O20XFeWMMH5WgoMeBB4yTZ\" target=\"_blank\" rel=\"noopener noreferrer\">Servicios de Orientaci\u00f3n Laboral<\/a><\/li>\n<li><a href=\"https:\/\/drive.google.com\/open?id=1okCCMhiyu4tr8oOW46zGAeNC4g-ciE_S\" target=\"_blank\" rel=\"noopener noreferrer\">Centros Especiales de Empleo<\/a><\/li>\n<li><a href=\"https:\/\/drive.google.com\/open?id=1z9AGQKgH6HztUYmw4J9IXpB_Z0cjRnG7\" target=\"_blank\" rel=\"noopener noreferrer\">Residencias y pisos funcionales<\/a><\/li>\n<li><a href=\"https:\/\/drive.google.com\/open?id=10eeHKSCDtdtNsG66Y2y4Ku_l7VkmJFrs\" target=\"_blank\" rel=\"noopener noreferrer\">Asociaciones navarras de apoyo a la discapacidad<\/a><\/li>\n<li><a href=\"https:\/\/creena.educacion.navarra.es\/web\/gestion-informacion-y-medios\/insercion-laboral\/recursosxx\/bibliografia-il\/\">Bibli<\/a><a href=\"https:\/\/creena.educacion.navarra.es\/web\/gestion-informacion-y-medios\/insercion-laboral\/recursosxx\/bibliografia-il\/\">ograf\u00eda<\/a><\/li>\n<\/ul>\n<p>\u00a0<\/p>\n\n\n<p><\/p>\n","protected":false},"excerpt":{"rendered":"<p>Gu\u00eda de Orientaci\u00f3n Socio-Laboral para personas con discapacidad Recursos Sociales y Laborales Servicios de Orientaci\u00f3n Laboral Centros Especiales de Empleo Residencias y pisos funcionales Asociaciones navarras de apoyo a la discapacidad Bibliograf\u00eda \u00a0<\/p>\n","protected":false},"author":1,"featured_media":0,"parent":3368,"menu_order":4,"comment_status":"closed","ping_status":"closed","template":"","meta":{"_genesis_hide_title":false,"_genesis_hide_breadcrumbs":false,"_genesis_hide_singular_image":false,"_genesis_hide_footer_widgets":false,"_genesis_custom_body_class":"","_genesis_custom_post_class":"","_genesis_layout":""},"_links":{"self":[{"href":"https:\/\/creena.educacion.navarra.es\/web\/wp-json\/wp\/v2\/pages\/9967"}],"collection":[{"href":"https:\/\/creena.educacion.navarra.es\/web\/wp-json\/wp\/v2\/pages"}],"about":[{"href":"https:\/\/creena.educacion.navarra.es\/web\/wp-json\/wp\/v2\/types\/page"}],"author":[{"embeddable":true,"href":"https:\/\/creena.educacion.navarra.es\/web\/wp-json\/wp\/v2\/users\/1"}],"replies":[{"embeddable":true,"href":"https:\/\/creena.educacion.navarra.es\/web\/wp-json\/wp\/v2\/comments?post=9967"}],"version-history":[{"count":13,"href":"https:\/\/creena.educacion.navarra.es\/web\/wp-json\/wp\/v2\/pages\/9967\/revisions"}],"predecessor-version":[{"id":13208,"href":"https:\/\/creena.educacion.navarra.es\/web\/wp-json\/wp\/v2\/pages\/9967\/revisions\/13208"}],"up":[{"embeddable":true,"href":"https:\/\/creena.educacion.navarra.es\/web\/wp-json\/wp\/v2\/pages\/3368"}],"wp:attachment":[{"href":"https:\/\/creena.educacion.navarra.es\/web\/wp-json\/wp\/v2\/media?parent=9967"}],"curies":[{"name":"wp","href":"https:\/\/api.w.org\/{rel}","templated":true}]}}